{"id":7901,"date":"2025-01-31T08:31:51","date_gmt":"2025-01-31T07:31:51","guid":{"rendered":"https:\/\/divainers.com\/producto\/divain-948\/"},"modified":"2026-04-30T09:48:30","modified_gmt":"2026-04-30T07:48:30","slug":"divain-948","status":"publish","type":"product","link":"https:\/\/divainers.com\/lt\/producto\/divain-948\/","title":{"rendered":"divain.948"},"content":{"rendered":"<p>\u0160velnus ir apgaubiantis kvapas, kuris sukelia lengvumo ir ramyb\u0117s poj\u016bt\u012f, tarsi plaukiant tarp debes\u0173 \u0161ilt\u0105 dien\u0105. Nuo pat prad\u017ei\u0173 levand\u0173 ir kriau\u0161i\u0173 vaisi\u0173 natel\u0117s suteikia gaivumo, sumink\u0161tinto kreminiu kokoso prisilietimu, kuris prideda lengv\u0105 ir raminan\u010di\u0105 saldum\u0105. Kvapui vystantis, jazmin\u0173 ir lelijos \u017eied\u0173 natel\u0117s suteikia subtil\u0173 ir moteri\u0161k\u0105 elegancij\u0105, sukurdamos eterin\u012f mink\u0161tum\u0105, kuris apgaubia od\u0105. Pagrindas, pa\u017eym\u0117tas muskuso ir karamel\u0117s natomis, suteikia \u0161ilt\u0105 ir raminan\u010di\u0105 baz\u0119, kuri susilieja su lengvesn\u0117mis natomis, palikdama kvap\u0105, kuris yra tiek apgaubiantis, tiek raminantis. \u0160is kvapas puikiai tinka tiems, kurie ie\u0161ko \u0161velnios, sald\u017eios ir ramios kvap\u0173 patirties, idealiai tinkamos kasdieniam naudojimui, perteikian\u010dios ramyb\u0117s ir gaivumo jausm\u0105.<\/p>\n","protected":false},"excerpt":{"rendered":"<p>Primena Cloud i\u0161 Ariana Grande<\/p>\n","protected":false},"featured_media":7895,"comment_status":"open","ping_status":"closed","template":"","meta":[],"product_brand":[],"product_cat":[1607],"product_tag":[1448],"class_list":{"0":"post-7901","1":"product","2":"type-product","3":"status-publish","4":"has-post-thumbnail","6":"product_cat-ariana-grande","7":"product_tag-moterys","9":"first","10":"instock","11":"shipping-taxable","12":"product-type-simple"},"_links":{"self":[{"href":"https:\/\/divainers.com\/lt\/wp-json\/wp\/v2\/product\/7901","targetHints":{"allow":["GET"]}}],"collection":[{"href":"https:\/\/divainers.com\/lt\/wp-json\/wp\/v2\/product"}],"about":[{"href":"https:\/\/divainers.com\/lt\/wp-json\/wp\/v2\/types\/product"}],"replies":[{"embeddable":true,"href":"https:\/\/divainers.com\/lt\/wp-json\/wp\/v2\/comments?post=7901"}],"wp:featuredmedia":[{"embeddable":true,"href":"https:\/\/divainers.com\/lt\/wp-json\/wp\/v2\/media\/7895"}],"wp:attachment":[{"href":"https:\/\/divainers.com\/lt\/wp-json\/wp\/v2\/media?parent=7901"}],"wp:term":[{"taxonomy":"product_brand","embeddable":true,"href":"https:\/\/divainers.com\/lt\/wp-json\/wp\/v2\/product_brand?post=7901"},{"taxonomy":"product_cat","embeddable":true,"href":"https:\/\/divainers.com\/lt\/wp-json\/wp\/v2\/product_cat?post=7901"},{"taxonomy":"product_tag","embeddable":true,"href":"https:\/\/divainers.com\/lt\/wp-json\/wp\/v2\/product_tag?post=7901"}],"curies":[{"name":"wp","href":"https:\/\/api.w.org\/{rel}","templated":true}]}}