{"id":7940,"date":"2025-01-31T08:31:51","date_gmt":"2025-01-31T07:31:51","guid":{"rendered":"https:\/\/divainers.com\/producto\/divain-457\/"},"modified":"2026-04-30T09:48:46","modified_gmt":"2026-04-30T07:48:46","slug":"divain-457","status":"publish","type":"product","link":"https:\/\/divainers.com\/lt\/producto\/divain-457\/","title":{"rendered":"divain.457"},"content":{"rendered":"<p>Dr\u0105sus ir magnetinis kvapas, kuris kiekvienoje natos i\u0161skiria elegancij\u0105 ir charakter\u012f. Atidarymas yra gyvas ir citrusinis, su citrinos, ananaso ir bergamo\u010di\u0173 sprogimu, kuris pa\u017eadina poj\u016b\u010dius intensyvia gaiva. \u0160irdyje ber\u017eas ir jazminas suteikia gilumo ir rafinuot\u0105 d\u016bmin\u012f atspalv\u012f, primenant\u012f rafinuot\u0105 ir pasitikint\u012f vyri\u0161kum\u0105. Galiausiai, apgaubiantis pagrindas i\u0161 pilko gintaro, muskuso ir pa\u010diulio palieka ilgalaik\u012f, viliojant\u012f ir galing\u0105 p\u0117dsak\u0105. \u012esp\u016bdingas ir rafinuotas kvepalas, idealus tiems, kurie ie\u0161ko intensyvaus, universalio kvapo su nepakei\u010diama aura.<\/p>\n","protected":false},"excerpt":{"rendered":"<p>Primena Club de Nuit Intense Man de Armaf<\/p>\n","protected":false},"featured_media":7937,"comment_status":"open","ping_status":"closed","template":"","meta":[],"product_brand":[],"product_cat":[1627],"product_tag":[1366],"class_list":{"0":"post-7940","1":"product","2":"type-product","3":"status-publish","4":"has-post-thumbnail","6":"product_cat-armaf","7":"product_tag-vyrai","9":"first","10":"instock","11":"shipping-taxable","12":"product-type-simple"},"_links":{"self":[{"href":"https:\/\/divainers.com\/lt\/wp-json\/wp\/v2\/product\/7940","targetHints":{"allow":["GET"]}}],"collection":[{"href":"https:\/\/divainers.com\/lt\/wp-json\/wp\/v2\/product"}],"about":[{"href":"https:\/\/divainers.com\/lt\/wp-json\/wp\/v2\/types\/product"}],"replies":[{"embeddable":true,"href":"https:\/\/divainers.com\/lt\/wp-json\/wp\/v2\/comments?post=7940"}],"wp:featuredmedia":[{"embeddable":true,"href":"https:\/\/divainers.com\/lt\/wp-json\/wp\/v2\/media\/7937"}],"wp:attachment":[{"href":"https:\/\/divainers.com\/lt\/wp-json\/wp\/v2\/media?parent=7940"}],"wp:term":[{"taxonomy":"product_brand","embeddable":true,"href":"https:\/\/divainers.com\/lt\/wp-json\/wp\/v2\/product_brand?post=7940"},{"taxonomy":"product_cat","embeddable":true,"href":"https:\/\/divainers.com\/lt\/wp-json\/wp\/v2\/product_cat?post=7940"},{"taxonomy":"product_tag","embeddable":true,"href":"https:\/\/divainers.com\/lt\/wp-json\/wp\/v2\/product_tag?post=7940"}],"curies":[{"name":"wp","href":"https:\/\/api.w.org\/{rel}","templated":true}]}}