{"id":7983,"date":"2025-01-31T08:31:51","date_gmt":"2025-01-31T07:31:51","guid":{"rendered":"https:\/\/divainers.com\/producto\/divain-890\/"},"modified":"2026-04-30T09:49:02","modified_gmt":"2026-04-30T07:49:02","slug":"divain-890","status":"publish","type":"product","link":"https:\/\/divainers.com\/lt\/producto\/divain-890\/","title":{"rendered":"divain.890"},"content":{"rendered":"<p>\u012esivaizduokite kvap\u0105, kuris jus apgaubia \u0161ilta ir egzoti\u0161ka atmosfera, kur sald\u017eios ir prieskonin\u0117s natos susipina su brangiosiomis medienomis ir vanile. \u0160i esencija prasideda sultingu slyv\u0173 atidarymu ir cinamono u\u017euomina, suteikian\u010dia prieskonin\u012f saldum\u0105. \u0160irdyje heliotropas ir datul\u0117s si\u016blo \u0161veln\u0173 g\u0117li\u0173 ir vaisi\u0173 prisilietim\u0105, o pa\u010diulis prideda \u017eemi\u0161k\u0105 gilum\u0105. Guajakmed\u017eio, sandalmed\u017eio ir vanil\u0117s pagrindas sukuria \u0161ilt\u0105 ir raminan\u010di\u0105 uosl\u0117s tak\u0105, primenan\u010di\u0105 ryt\u0173 prekybos keli\u0173 turtingum\u0105. \u0160i kompozicija suteikia uosl\u0117s patirt\u012f, kuri tobulai derina sald\u017eias, prieskonines ir medienos natas.<\/p>\n","protected":false},"excerpt":{"rendered":"<p>Primena Rouge Sar\u00e2y i\u0161 Atelier des Ors<\/p>\n","protected":false},"featured_media":7979,"comment_status":"open","ping_status":"closed","template":"","meta":[],"product_brand":[],"product_cat":[1648],"product_tag":[1391],"class_list":{"0":"post-7983","1":"product","2":"type-product","3":"status-publish","4":"has-post-thumbnail","6":"product_cat-atelier-des-ors","7":"product_tag-unisex","9":"first","10":"instock","11":"shipping-taxable","12":"product-type-simple"},"_links":{"self":[{"href":"https:\/\/divainers.com\/lt\/wp-json\/wp\/v2\/product\/7983","targetHints":{"allow":["GET"]}}],"collection":[{"href":"https:\/\/divainers.com\/lt\/wp-json\/wp\/v2\/product"}],"about":[{"href":"https:\/\/divainers.com\/lt\/wp-json\/wp\/v2\/types\/product"}],"replies":[{"embeddable":true,"href":"https:\/\/divainers.com\/lt\/wp-json\/wp\/v2\/comments?post=7983"}],"wp:featuredmedia":[{"embeddable":true,"href":"https:\/\/divainers.com\/lt\/wp-json\/wp\/v2\/media\/7979"}],"wp:attachment":[{"href":"https:\/\/divainers.com\/lt\/wp-json\/wp\/v2\/media?parent=7983"}],"wp:term":[{"taxonomy":"product_brand","embeddable":true,"href":"https:\/\/divainers.com\/lt\/wp-json\/wp\/v2\/product_brand?post=7983"},{"taxonomy":"product_cat","embeddable":true,"href":"https:\/\/divainers.com\/lt\/wp-json\/wp\/v2\/product_cat?post=7983"},{"taxonomy":"product_tag","embeddable":true,"href":"https:\/\/divainers.com\/lt\/wp-json\/wp\/v2\/product_tag?post=7983"}],"curies":[{"name":"wp","href":"https:\/\/api.w.org\/{rel}","templated":true}]}}