{"id":802,"date":"2025-01-31T08:32:47","date_gmt":"2025-01-31T07:32:47","guid":{"rendered":"https:\/\/divainers.com\/producto\/divain-988\/"},"modified":"2026-03-16T16:07:52","modified_gmt":"2026-03-16T15:07:52","slug":"divain-988","status":"publish","type":"product","link":"https:\/\/divainers.com\/lt\/producto\/divain-988\/","title":{"rendered":"divain.988"},"content":{"rendered":"<p>\u200b<span class=\"relative -mx-px my-[-0.2rem] rounded px-px py-[0.2rem]\">Imagina una fragancia que te transporta a una isla tropical, combinando notas frescas, florales y cremosas.<\/span> <span class=\"relative -mx-px my-[-0.2rem] rounded px-px py-[0.2rem]\">Esta esencia comienza con una apertura herb\u00e1cea de romero y c\u00edtrica de lim\u00f3n, ofreciendo una frescura vigorizante.<\/span> <span class=\"relative -mx-px my-[-0.2rem] rounded px-px py-[0.2rem]\">En el coraz\u00f3n, el ylang-ylang y el pl\u00e1tano aportan una dulzura floral y afrutada, mientras que la base de leche de coco a\u00f1ade una suavidad cremosa que envuelve los sentidos.<\/span> <span class=\"relative -mx-px my-[-0.2rem] rounded px-px py-[0.2rem]\">Lanzada en 2024, esta fragancia captura la esencia de unas vacaciones paradis\u00edacas en las Maldivas.<\/span><\/p>\n","protected":false},"excerpt":{"rendered":"<p>Recuerda a Maldives in a Bottle Ylang Coco | 20 Eau de Parfum de Kayali<\/p>\n","protected":false},"featured_media":3259,"comment_status":"open","ping_status":"closed","template":"","meta":[],"product_brand":[],"product_cat":[557],"product_tag":[1450],"class_list":{"0":"post-802","1":"product","2":"type-product","3":"status-publish","4":"has-post-thumbnail","6":"product_cat-kayali","7":"product_tag-femei","9":"first","10":"instock","11":"shipping-taxable","12":"product-type-simple"},"_links":{"self":[{"href":"https:\/\/divainers.com\/lt\/wp-json\/wp\/v2\/product\/802","targetHints":{"allow":["GET"]}}],"collection":[{"href":"https:\/\/divainers.com\/lt\/wp-json\/wp\/v2\/product"}],"about":[{"href":"https:\/\/divainers.com\/lt\/wp-json\/wp\/v2\/types\/product"}],"replies":[{"embeddable":true,"href":"https:\/\/divainers.com\/lt\/wp-json\/wp\/v2\/comments?post=802"}],"wp:featuredmedia":[{"embeddable":true,"href":"https:\/\/divainers.com\/lt\/wp-json\/wp\/v2\/media\/3259"}],"wp:attachment":[{"href":"https:\/\/divainers.com\/lt\/wp-json\/wp\/v2\/media?parent=802"}],"wp:term":[{"taxonomy":"product_brand","embeddable":true,"href":"https:\/\/divainers.com\/lt\/wp-json\/wp\/v2\/product_brand?post=802"},{"taxonomy":"product_cat","embeddable":true,"href":"https:\/\/divainers.com\/lt\/wp-json\/wp\/v2\/product_cat?post=802"},{"taxonomy":"product_tag","embeddable":true,"href":"https:\/\/divainers.com\/lt\/wp-json\/wp\/v2\/product_tag?post=802"}],"curies":[{"name":"wp","href":"https:\/\/api.w.org\/{rel}","templated":true}]}}