{"id":8070,"date":"2025-01-31T08:31:52","date_gmt":"2025-01-31T07:31:52","guid":{"rendered":"https:\/\/divainers.com\/producto\/divain-240\/"},"modified":"2026-04-30T09:49:27","modified_gmt":"2026-04-30T07:49:27","slug":"divain-240","status":"publish","type":"product","link":"https:\/\/divainers.com\/lt\/producto\/divain-240\/","title":{"rendered":"divain.240"},"content":{"rendered":"<p>Gyvybinga ir dr\u0105si kvap\u0173 kompozicija, sukurta ekstravertui ir energingam vyrui. Atidaryme \u2013 gaivumo ir prieskoni\u0173 sprogimas su citrinos, imbiero ir m\u0117t\u0173 natomis, pa\u017eadinan\u010diomis poj\u016b\u010dius ir suteikian\u010diomis dinamikos. Kvapo \u0161ird\u012f u\u017epildo \u0161iltas ir aromatingas levand\u0173 prisilietimas, derinamas su cinamonu ir kardamonu, sukuriantis pusiausvyr\u0105 tarp \u0161velnumo ir intensyvumo. Pagrinde medienos ir balzamin\u0117s tonkos, sandalmed\u017eio ir odos natomis apgaubia od\u0105 rafinuotumo ir jausmingumo p\u0117dsaku. Idealu ypatingoms progoms, \u0161is kvapas atspindi dr\u0105s\u0105 ir pasitik\u0117jim\u0105 savimi, puikiai tinka tiems, kurie nori i\u0161siskirti nepamir\u0161tamu buvimu.<\/p>\n","protected":false},"excerpt":{"rendered":"<p>Primena Azzaro Wanted i\u0161 Azzaro<\/p>\n","protected":false},"featured_media":8064,"comment_status":"open","ping_status":"closed","template":"","meta":[],"product_brand":[],"product_cat":[1684],"product_tag":[1343],"class_list":{"0":"post-8070","1":"product","2":"type-product","3":"status-publish","4":"has-post-thumbnail","6":"product_cat-azzaro","7":"product_tag-hommes","9":"first","10":"instock","11":"shipping-taxable","12":"product-type-simple"},"_links":{"self":[{"href":"https:\/\/divainers.com\/lt\/wp-json\/wp\/v2\/product\/8070","targetHints":{"allow":["GET"]}}],"collection":[{"href":"https:\/\/divainers.com\/lt\/wp-json\/wp\/v2\/product"}],"about":[{"href":"https:\/\/divainers.com\/lt\/wp-json\/wp\/v2\/types\/product"}],"replies":[{"embeddable":true,"href":"https:\/\/divainers.com\/lt\/wp-json\/wp\/v2\/comments?post=8070"}],"wp:featuredmedia":[{"embeddable":true,"href":"https:\/\/divainers.com\/lt\/wp-json\/wp\/v2\/media\/8064"}],"wp:attachment":[{"href":"https:\/\/divainers.com\/lt\/wp-json\/wp\/v2\/media?parent=8070"}],"wp:term":[{"taxonomy":"product_brand","embeddable":true,"href":"https:\/\/divainers.com\/lt\/wp-json\/wp\/v2\/product_brand?post=8070"},{"taxonomy":"product_cat","embeddable":true,"href":"https:\/\/divainers.com\/lt\/wp-json\/wp\/v2\/product_cat?post=8070"},{"taxonomy":"product_tag","embeddable":true,"href":"https:\/\/divainers.com\/lt\/wp-json\/wp\/v2\/product_tag?post=8070"}],"curies":[{"name":"wp","href":"https:\/\/api.w.org\/{rel}","templated":true}]}}