{"id":8105,"date":"2025-01-31T08:31:53","date_gmt":"2025-01-31T07:31:53","guid":{"rendered":"https:\/\/divainers.com\/producto\/divain-715\/"},"modified":"2026-04-30T09:49:34","modified_gmt":"2026-04-30T07:49:34","slug":"divain-715","status":"publish","type":"product","link":"https:\/\/divainers.com\/lt\/producto\/divain-715\/","title":{"rendered":"divain.715"},"content":{"rendered":"<p>Tai gaivi ir moderni g\u0117li\u0173 kvapas, pasi\u017eymintis kontrastu tarp \u017eali\u0173j\u0173 ir g\u0117li\u0173 nat\u0173. Atidarymas yra gaivus ir lengvas su m\u0117tos prisilietimu, kuris susilieja su ro\u017ee ir gvazdiku \u0161irdyje, sukuriant \u0161vie\u017eio ir apgaubian\u010dio laukini\u0173 g\u0117li\u0173 poj\u016bt\u012f. Kvapui vystantis, bazin\u0117s gintaro ir vetiverio nat\u0117s suteikia \u017eemi\u0161kumo ir rafinuoto gylio, subalansuodamos g\u0117li\u0173 gaivum\u0105. Tai eleganti\u0161kas ir \u0161iuolaiki\u0161kas kvapas, idealus tiems, kurie ie\u0161ko ka\u017eko moteri\u0161ko, bet su dr\u0105sos ir modernumo prieskoniu.<\/p>\n","protected":false},"excerpt":{"rendered":"<p>Primena Florabotanica i\u0161 Balenciaga<\/p>\n","protected":false},"featured_media":8104,"comment_status":"open","ping_status":"closed","template":"","meta":[],"product_brand":[],"product_cat":[1709],"product_tag":[1448],"class_list":{"0":"post-8105","1":"product","2":"type-product","3":"status-publish","4":"has-post-thumbnail","6":"product_cat-balenciaga","7":"product_tag-moterys","9":"first","10":"instock","11":"shipping-taxable","12":"product-type-simple"},"_links":{"self":[{"href":"https:\/\/divainers.com\/lt\/wp-json\/wp\/v2\/product\/8105","targetHints":{"allow":["GET"]}}],"collection":[{"href":"https:\/\/divainers.com\/lt\/wp-json\/wp\/v2\/product"}],"about":[{"href":"https:\/\/divainers.com\/lt\/wp-json\/wp\/v2\/types\/product"}],"replies":[{"embeddable":true,"href":"https:\/\/divainers.com\/lt\/wp-json\/wp\/v2\/comments?post=8105"}],"wp:featuredmedia":[{"embeddable":true,"href":"https:\/\/divainers.com\/lt\/wp-json\/wp\/v2\/media\/8104"}],"wp:attachment":[{"href":"https:\/\/divainers.com\/lt\/wp-json\/wp\/v2\/media?parent=8105"}],"wp:term":[{"taxonomy":"product_brand","embeddable":true,"href":"https:\/\/divainers.com\/lt\/wp-json\/wp\/v2\/product_brand?post=8105"},{"taxonomy":"product_cat","embeddable":true,"href":"https:\/\/divainers.com\/lt\/wp-json\/wp\/v2\/product_cat?post=8105"},{"taxonomy":"product_tag","embeddable":true,"href":"https:\/\/divainers.com\/lt\/wp-json\/wp\/v2\/product_tag?post=8105"}],"curies":[{"name":"wp","href":"https:\/\/api.w.org\/{rel}","templated":true}]}}