{"id":8150,"date":"2025-01-31T08:31:53","date_gmt":"2025-01-31T07:31:53","guid":{"rendered":"https:\/\/divainers.com\/producto\/divain-412\/"},"modified":"2026-04-30T09:49:44","modified_gmt":"2026-04-30T07:49:44","slug":"divain-412","status":"publish","type":"product","link":"https:\/\/divainers.com\/lt\/producto\/divain-412\/","title":{"rendered":"divain.412"},"content":{"rendered":"<p>Prabangus ir priklausomyb\u0119 sukeliantis kvapas, jungiantis tabako prieskonin\u012f \u0161ilum\u0105 su ro\u017ei\u0173 aksomine jausmingumu. Nuo pat prad\u017ei\u0173 a\u0161trios ir sald\u017eios natos apgaubia poj\u016b\u010dius, sukurdamos intensyv\u0173 ir \u012ftraukian\u010di\u0105 patirt\u012f. \u0160irdyje ro\u017e\u0117 atsiskleid\u017eia su giliu ir \u0161iek tiek tamsiu charakteriu, lydima gintaro ir dervos atspalvi\u0173, kurie pabr\u0117\u017eia jos turtingum\u0105. Pagrindas yra sodrus ir viliojantis, su kakavos, muskuso ir kreminio med\u017eio akordais, paliekan\u010diais rafinuot\u0105 ir ilgalaik\u012f p\u0117dsak\u0105. Idealu tiems, kurie ie\u0161ko dr\u0105saus, eleganti\u0161ko ir charakteringo kvapo.<\/p>\n","protected":false},"excerpt":{"rendered":"<p>Primena Tabac Rose i\u0161 BDK Parfums<\/p>\n","protected":false},"featured_media":8148,"comment_status":"open","ping_status":"closed","template":"","meta":[],"product_brand":[],"product_cat":[1737],"product_tag":[1377],"class_list":{"0":"post-8150","1":"product","2":"type-product","3":"status-publish","4":"has-post-thumbnail","6":"product_cat-bdk-parfums","7":"product_tag-uniseks","9":"first","10":"instock","11":"shipping-taxable","12":"product-type-simple"},"_links":{"self":[{"href":"https:\/\/divainers.com\/lt\/wp-json\/wp\/v2\/product\/8150","targetHints":{"allow":["GET"]}}],"collection":[{"href":"https:\/\/divainers.com\/lt\/wp-json\/wp\/v2\/product"}],"about":[{"href":"https:\/\/divainers.com\/lt\/wp-json\/wp\/v2\/types\/product"}],"replies":[{"embeddable":true,"href":"https:\/\/divainers.com\/lt\/wp-json\/wp\/v2\/comments?post=8150"}],"wp:featuredmedia":[{"embeddable":true,"href":"https:\/\/divainers.com\/lt\/wp-json\/wp\/v2\/media\/8148"}],"wp:attachment":[{"href":"https:\/\/divainers.com\/lt\/wp-json\/wp\/v2\/media?parent=8150"}],"wp:term":[{"taxonomy":"product_brand","embeddable":true,"href":"https:\/\/divainers.com\/lt\/wp-json\/wp\/v2\/product_brand?post=8150"},{"taxonomy":"product_cat","embeddable":true,"href":"https:\/\/divainers.com\/lt\/wp-json\/wp\/v2\/product_cat?post=8150"},{"taxonomy":"product_tag","embeddable":true,"href":"https:\/\/divainers.com\/lt\/wp-json\/wp\/v2\/product_tag?post=8150"}],"curies":[{"name":"wp","href":"https:\/\/api.w.org\/{rel}","templated":true}]}}