{"id":8191,"date":"2025-01-31T08:33:36","date_gmt":"2025-01-31T07:33:36","guid":{"rendered":"https:\/\/divainers.com\/producto\/divain-077\/"},"modified":"2026-04-30T09:49:54","modified_gmt":"2026-04-30T07:49:54","slug":"divain-077","status":"publish","type":"product","link":"https:\/\/divainers.com\/lt\/producto\/divain-077\/","title":{"rendered":"divain.077"},"content":{"rendered":"<p>Jaunas ir gyvybingos kvapas, kuris kiekvienoje natos fiksuoja d\u017eiaugsm\u0105 ir spontani\u0161kum\u0105. Jo \u017e\u0117rinti prad\u017eia su persiku, abrikosu ir juodaisiais serbentais suteikia vaisi\u0161k\u0105 ir \u0161viesi\u0105 saldum\u0105. \u0160irdyje frezija, violetin\u0117 ir lelijos apgaubia kvap\u0105 \u0161velniu ir romanti\u0161ku moteri\u0161kumu. Pagrinde sandalmedis, vanil\u0117 ir muskuso sukuria \u0161ilt\u0105 ir jauk\u0173 p\u0117dsak\u0105, puikiai tinkant\u012f linksmoms, laisvoms ir energingoms moterims.<\/p>\n","protected":false},"excerpt":{"rendered":"<p>Primena Red Jeans i\u0161 Versace<\/p>\n","protected":false},"featured_media":8187,"comment_status":"open","ping_status":"closed","template":"","meta":[],"product_brand":[],"product_cat":[1753],"product_tag":[1448],"class_list":{"0":"post-8191","1":"product","2":"type-product","3":"status-publish","4":"has-post-thumbnail","6":"product_cat-versace","7":"product_tag-moterys","9":"first","10":"instock","11":"shipping-taxable","12":"product-type-simple"},"_links":{"self":[{"href":"https:\/\/divainers.com\/lt\/wp-json\/wp\/v2\/product\/8191","targetHints":{"allow":["GET"]}}],"collection":[{"href":"https:\/\/divainers.com\/lt\/wp-json\/wp\/v2\/product"}],"about":[{"href":"https:\/\/divainers.com\/lt\/wp-json\/wp\/v2\/types\/product"}],"replies":[{"embeddable":true,"href":"https:\/\/divainers.com\/lt\/wp-json\/wp\/v2\/comments?post=8191"}],"wp:featuredmedia":[{"embeddable":true,"href":"https:\/\/divainers.com\/lt\/wp-json\/wp\/v2\/media\/8187"}],"wp:attachment":[{"href":"https:\/\/divainers.com\/lt\/wp-json\/wp\/v2\/media?parent=8191"}],"wp:term":[{"taxonomy":"product_brand","embeddable":true,"href":"https:\/\/divainers.com\/lt\/wp-json\/wp\/v2\/product_brand?post=8191"},{"taxonomy":"product_cat","embeddable":true,"href":"https:\/\/divainers.com\/lt\/wp-json\/wp\/v2\/product_cat?post=8191"},{"taxonomy":"product_tag","embeddable":true,"href":"https:\/\/divainers.com\/lt\/wp-json\/wp\/v2\/product_tag?post=8191"}],"curies":[{"name":"wp","href":"https:\/\/api.w.org\/{rel}","templated":true}]}}