{"id":8236,"date":"2025-01-31T08:31:53","date_gmt":"2025-01-31T07:31:53","guid":{"rendered":"https:\/\/divainers.com\/producto\/divain-447\/"},"modified":"2026-04-30T09:50:05","modified_gmt":"2026-04-30T07:50:05","slug":"divain-447","status":"publish","type":"product","link":"https:\/\/divainers.com\/lt\/producto\/divain-447\/","title":{"rendered":"divain.447"},"content":{"rendered":"<p>I\u0161kilmingas ir galingas kvapas, spinduliuojantis pasitik\u0117jim\u0105 savimi ir rafinuotum\u0105 kiekvienoje natos. Atidarymas yra gyvas ir prieskoninis, su bergamo\u010di\u0173 ir pipir\u0173 sprogimu, kuris pa\u017eadina poj\u016b\u010dius energija ir elegancija. \u0160irdyje gintaras ir levanda susilieja su kilmingais med\u017eiais, suteikdami gilumo ir i\u0161skirtinumo. Galiausiai, \u0161ilta vanil\u0117s, muskuso ir oudo baz\u0117 palieka apgaubiant\u012f, intensyv\u0173 ir viliojant\u012f p\u0117dsak\u0105. Dr\u0105sus ir magnetinis kvepalas, puikiai tinkantis tiems, kurie ie\u0161ko kvapo su charakteriu, buvimu ir \u012fsp\u016bdinga elegancija.<\/p>\n","protected":false},"excerpt":{"rendered":"<p>Primena King i\u0161 Bharara<\/p>\n","protected":false},"featured_media":8231,"comment_status":"open","ping_status":"closed","template":"","meta":[],"product_brand":[],"product_cat":[1775],"product_tag":[1366],"class_list":{"0":"post-8236","1":"product","2":"type-product","3":"status-publish","4":"has-post-thumbnail","6":"product_cat-bharara","7":"product_tag-vyrai","9":"first","10":"instock","11":"shipping-taxable","12":"product-type-simple"},"_links":{"self":[{"href":"https:\/\/divainers.com\/lt\/wp-json\/wp\/v2\/product\/8236","targetHints":{"allow":["GET"]}}],"collection":[{"href":"https:\/\/divainers.com\/lt\/wp-json\/wp\/v2\/product"}],"about":[{"href":"https:\/\/divainers.com\/lt\/wp-json\/wp\/v2\/types\/product"}],"replies":[{"embeddable":true,"href":"https:\/\/divainers.com\/lt\/wp-json\/wp\/v2\/comments?post=8236"}],"wp:featuredmedia":[{"embeddable":true,"href":"https:\/\/divainers.com\/lt\/wp-json\/wp\/v2\/media\/8231"}],"wp:attachment":[{"href":"https:\/\/divainers.com\/lt\/wp-json\/wp\/v2\/media?parent=8236"}],"wp:term":[{"taxonomy":"product_brand","embeddable":true,"href":"https:\/\/divainers.com\/lt\/wp-json\/wp\/v2\/product_brand?post=8236"},{"taxonomy":"product_cat","embeddable":true,"href":"https:\/\/divainers.com\/lt\/wp-json\/wp\/v2\/product_cat?post=8236"},{"taxonomy":"product_tag","embeddable":true,"href":"https:\/\/divainers.com\/lt\/wp-json\/wp\/v2\/product_tag?post=8236"}],"curies":[{"name":"wp","href":"https:\/\/api.w.org\/{rel}","templated":true}]}}