{"id":8359,"date":"2025-01-31T08:31:53","date_gmt":"2025-01-31T07:31:53","guid":{"rendered":"https:\/\/divainers.com\/producto\/divain-452\/"},"modified":"2026-04-30T09:50:49","modified_gmt":"2026-04-30T07:50:49","slug":"divain-452","status":"publish","type":"product","link":"https:\/\/divainers.com\/lt\/producto\/divain-452\/","title":{"rendered":"divain.452"},"content":{"rendered":"<p>Gyvybingas ir rafinuotas kvapas, kuris \u012fk\u016bnija miesto dinami\u0161k\u0105 energij\u0105 su gaivumo ir neatsispiriamos \u0161ilumos prisilietimu. Atidarymas \u0161viesus ir sultingas, su juod\u0173j\u0173 serbent\u0173 ir m\u0117lyni\u0173 sprogimu, sustiprintu \u017ealiomis ir prieskonin\u0117mis natomis, kurios pa\u017eadina poj\u016b\u010dius. \u0160irdyje violetin\u0117s ir cinamono natys suteikia gilumo ir rafinuotumo, o pagrindas i\u0161 gintaro, vanil\u0117s ir brangi\u0173j\u0173 med\u017ei\u0173 apgaubia od\u0105 apgaubian\u010diu, kreminiu ir viliojan\u010diu p\u0117dsaku. Modernus ir universalus kvepalas, idealus tiems, kurie ie\u0161ko unikalios, rafinuotos ir nepamir\u0161tamos kvapo.<\/p>\n","protected":false},"excerpt":{"rendered":"<p>Primena Bleecker Street i\u0161 Bond No 9<\/p>\n","protected":false},"featured_media":8357,"comment_status":"open","ping_status":"closed","template":"","meta":[],"product_brand":[],"product_cat":[1839],"product_tag":[1377],"class_list":{"0":"post-8359","1":"product","2":"type-product","3":"status-publish","4":"has-post-thumbnail","6":"product_cat-bond-no-9","7":"product_tag-uniseks","9":"first","10":"instock","11":"shipping-taxable","12":"product-type-simple"},"_links":{"self":[{"href":"https:\/\/divainers.com\/lt\/wp-json\/wp\/v2\/product\/8359","targetHints":{"allow":["GET"]}}],"collection":[{"href":"https:\/\/divainers.com\/lt\/wp-json\/wp\/v2\/product"}],"about":[{"href":"https:\/\/divainers.com\/lt\/wp-json\/wp\/v2\/types\/product"}],"replies":[{"embeddable":true,"href":"https:\/\/divainers.com\/lt\/wp-json\/wp\/v2\/comments?post=8359"}],"wp:featuredmedia":[{"embeddable":true,"href":"https:\/\/divainers.com\/lt\/wp-json\/wp\/v2\/media\/8357"}],"wp:attachment":[{"href":"https:\/\/divainers.com\/lt\/wp-json\/wp\/v2\/media?parent=8359"}],"wp:term":[{"taxonomy":"product_brand","embeddable":true,"href":"https:\/\/divainers.com\/lt\/wp-json\/wp\/v2\/product_brand?post=8359"},{"taxonomy":"product_cat","embeddable":true,"href":"https:\/\/divainers.com\/lt\/wp-json\/wp\/v2\/product_cat?post=8359"},{"taxonomy":"product_tag","embeddable":true,"href":"https:\/\/divainers.com\/lt\/wp-json\/wp\/v2\/product_tag?post=8359"}],"curies":[{"name":"wp","href":"https:\/\/api.w.org\/{rel}","templated":true}]}}