{"id":8401,"date":"2025-01-31T08:31:53","date_gmt":"2025-01-31T07:31:53","guid":{"rendered":"https:\/\/divainers.com\/producto\/divain-823\/"},"modified":"2026-04-30T09:50:59","modified_gmt":"2026-04-30T07:50:59","slug":"divain-823","status":"publish","type":"product","link":"https:\/\/divainers.com\/lt\/producto\/divain-823\/","title":{"rendered":"divain.823"},"content":{"rendered":"<p>\u0160is unisex kvapas pasi\u017eymi g\u0117li\u0161ku chypre aromatu, kuriame ro\u017einio pipiro ir bergamo\u010di\u0173 natomis atsiveria Sambac jazmin\u0173 \u0161irdis. Pagrinde oda, \u0105\u017euolo saman\u0173 ir pa\u010diulio suteikia gilumo ir rafinuotumo. Idealu tiems, kurie ie\u0161ko esm\u0117s, derinan\u010dios elegancij\u0105 ir jausmingum\u0105 bet kokiai progai.<\/p>\n","protected":false},"excerpt":{"rendered":"<p>Primena Bottega Veneta i\u0161 Bottega Veneta<\/p>\n","protected":false},"featured_media":8398,"comment_status":"open","ping_status":"closed","template":"","meta":[],"product_brand":[],"product_cat":[1857],"product_tag":[1448],"class_list":{"0":"post-8401","1":"product","2":"type-product","3":"status-publish","4":"has-post-thumbnail","6":"product_cat-bottega-veneta","7":"product_tag-moterys","9":"first","10":"instock","11":"shipping-taxable","12":"product-type-simple"},"_links":{"self":[{"href":"https:\/\/divainers.com\/lt\/wp-json\/wp\/v2\/product\/8401","targetHints":{"allow":["GET"]}}],"collection":[{"href":"https:\/\/divainers.com\/lt\/wp-json\/wp\/v2\/product"}],"about":[{"href":"https:\/\/divainers.com\/lt\/wp-json\/wp\/v2\/types\/product"}],"replies":[{"embeddable":true,"href":"https:\/\/divainers.com\/lt\/wp-json\/wp\/v2\/comments?post=8401"}],"wp:featuredmedia":[{"embeddable":true,"href":"https:\/\/divainers.com\/lt\/wp-json\/wp\/v2\/media\/8398"}],"wp:attachment":[{"href":"https:\/\/divainers.com\/lt\/wp-json\/wp\/v2\/media?parent=8401"}],"wp:term":[{"taxonomy":"product_brand","embeddable":true,"href":"https:\/\/divainers.com\/lt\/wp-json\/wp\/v2\/product_brand?post=8401"},{"taxonomy":"product_cat","embeddable":true,"href":"https:\/\/divainers.com\/lt\/wp-json\/wp\/v2\/product_cat?post=8401"},{"taxonomy":"product_tag","embeddable":true,"href":"https:\/\/divainers.com\/lt\/wp-json\/wp\/v2\/product_tag?post=8401"}],"curies":[{"name":"wp","href":"https:\/\/api.w.org\/{rel}","templated":true}]}}