{"id":8445,"date":"2025-01-31T08:31:53","date_gmt":"2025-01-31T07:31:53","guid":{"rendered":"https:\/\/divainers.com\/producto\/divain-518\/"},"modified":"2026-04-30T09:51:13","modified_gmt":"2026-04-30T07:51:13","slug":"divain-518","status":"publish","type":"product","link":"https:\/\/divainers.com\/lt\/producto\/divain-518\/","title":{"rendered":"divain.518"},"content":{"rendered":"<p>Egzoti\u0161kas ir apgaubiantis kvapas, kuris nukelia \u012f poj\u016b\u010di\u0173 kelion\u0119, kupin\u0105 \u0161ilumos ir rafinuotumo. Nuo pat prad\u017eios cinamono ir bergamo\u010di\u0173 sald\u017eiar\u016bg\u0161tis prieskonis pa\u017eadina poj\u016b\u010dius \u0161iltu ir spindin\u010diu virp\u0117jimu. \u0160irdyje eleganti\u0161kas jazmin\u0173 ir ro\u017ei\u0173 puok\u0161t\u0117 susilieja su ylang-ylang natomis, suteikdama prabang\u0173 ir viliojant\u012f moteri\u0161kum\u0105. Galiausiai vanil\u0117s, benzojaus ir gintaro pagrindas palieka kremi\u0161k\u0105, apgaubiant\u012f ir giliai jausming\u0105 p\u0117dsak\u0105. Prabangus ir magnetinis kvepalas, idealus tiems, kurie ie\u0161ko rytieti\u0161ko, \u0161ilto ir rafinuoto, nepamir\u0161tamo charakterio kvapo.<\/p>\n","protected":false},"excerpt":{"rendered":"<p>Primena Jaipur i\u0161 Boucheron<\/p>\n","protected":false},"featured_media":8440,"comment_status":"open","ping_status":"closed","template":"","meta":[],"product_brand":[],"product_cat":[1879],"product_tag":[1448],"class_list":{"0":"post-8445","1":"product","2":"type-product","3":"status-publish","4":"has-post-thumbnail","6":"product_cat-boucheron","7":"product_tag-moterys","9":"first","10":"instock","11":"shipping-taxable","12":"product-type-simple"},"_links":{"self":[{"href":"https:\/\/divainers.com\/lt\/wp-json\/wp\/v2\/product\/8445","targetHints":{"allow":["GET"]}}],"collection":[{"href":"https:\/\/divainers.com\/lt\/wp-json\/wp\/v2\/product"}],"about":[{"href":"https:\/\/divainers.com\/lt\/wp-json\/wp\/v2\/types\/product"}],"replies":[{"embeddable":true,"href":"https:\/\/divainers.com\/lt\/wp-json\/wp\/v2\/comments?post=8445"}],"wp:featuredmedia":[{"embeddable":true,"href":"https:\/\/divainers.com\/lt\/wp-json\/wp\/v2\/media\/8440"}],"wp:attachment":[{"href":"https:\/\/divainers.com\/lt\/wp-json\/wp\/v2\/media?parent=8445"}],"wp:term":[{"taxonomy":"product_brand","embeddable":true,"href":"https:\/\/divainers.com\/lt\/wp-json\/wp\/v2\/product_brand?post=8445"},{"taxonomy":"product_cat","embeddable":true,"href":"https:\/\/divainers.com\/lt\/wp-json\/wp\/v2\/product_cat?post=8445"},{"taxonomy":"product_tag","embeddable":true,"href":"https:\/\/divainers.com\/lt\/wp-json\/wp\/v2\/product_tag?post=8445"}],"curies":[{"name":"wp","href":"https:\/\/api.w.org\/{rel}","templated":true}]}}