{"id":8485,"date":"2025-01-31T08:31:54","date_gmt":"2025-01-31T07:31:54","guid":{"rendered":"https:\/\/divainers.com\/producto\/divain-060\/"},"modified":"2026-04-30T09:51:24","modified_gmt":"2026-04-30T07:51:24","slug":"divain-060","status":"publish","type":"product","link":"https:\/\/divainers.com\/lt\/producto\/divain-060\/","title":{"rendered":"divain.060"},"content":{"rendered":"<p>Saldus ir \u017eavingas kvapas, kuris sukelia fantazijos ir romantikos pasaul\u012f. Jo \u017e\u0117rinti prad\u017eia su kivi, raudonuoju li\u010diu ir obel\u0173 kriau\u0161e suteikia vaisi\u0173 ir sultingumo nat\u0105. \u0160irdyje jazminas ir baltasis \u0161okoladas kuria priklausomyb\u0119 sukelian\u010di\u0105 ir viliojan\u010di\u0105 kombinacij\u0105. Pagrinde vanil\u0117, muskuso ir kreminiai medienos tonai apgaubia kvap\u0105 \u0161iltu ir jaukiu p\u0117dsaku. Tobula svajingai, \u017eaismingai moteriai su magi\u0161ka ir neatsispiriama dvasia.<\/p>\n","protected":false},"excerpt":{"rendered":"<p>Primena Fantasy i\u0161 Britney Spears<\/p>\n","protected":false},"featured_media":8483,"comment_status":"open","ping_status":"closed","template":"","meta":[],"product_brand":[],"product_cat":[1898],"product_tag":[1448],"class_list":{"0":"post-8485","1":"product","2":"type-product","3":"status-publish","4":"has-post-thumbnail","6":"product_cat-britney-spears","7":"product_tag-moterys","9":"first","10":"instock","11":"shipping-taxable","12":"product-type-simple"},"_links":{"self":[{"href":"https:\/\/divainers.com\/lt\/wp-json\/wp\/v2\/product\/8485","targetHints":{"allow":["GET"]}}],"collection":[{"href":"https:\/\/divainers.com\/lt\/wp-json\/wp\/v2\/product"}],"about":[{"href":"https:\/\/divainers.com\/lt\/wp-json\/wp\/v2\/types\/product"}],"replies":[{"embeddable":true,"href":"https:\/\/divainers.com\/lt\/wp-json\/wp\/v2\/comments?post=8485"}],"wp:featuredmedia":[{"embeddable":true,"href":"https:\/\/divainers.com\/lt\/wp-json\/wp\/v2\/media\/8483"}],"wp:attachment":[{"href":"https:\/\/divainers.com\/lt\/wp-json\/wp\/v2\/media?parent=8485"}],"wp:term":[{"taxonomy":"product_brand","embeddable":true,"href":"https:\/\/divainers.com\/lt\/wp-json\/wp\/v2\/product_brand?post=8485"},{"taxonomy":"product_cat","embeddable":true,"href":"https:\/\/divainers.com\/lt\/wp-json\/wp\/v2\/product_cat?post=8485"},{"taxonomy":"product_tag","embeddable":true,"href":"https:\/\/divainers.com\/lt\/wp-json\/wp\/v2\/product_tag?post=8485"}],"curies":[{"name":"wp","href":"https:\/\/api.w.org\/{rel}","templated":true}]}}