{"id":8528,"date":"2025-01-31T08:31:54","date_gmt":"2025-01-31T07:31:54","guid":{"rendered":"https:\/\/divainers.com\/producto\/divain-137\/"},"modified":"2026-04-30T09:51:34","modified_gmt":"2026-04-30T07:51:34","slug":"divain-137","status":"publish","type":"product","link":"https:\/\/divainers.com\/lt\/producto\/divain-137\/","title":{"rendered":"divain.137"},"content":{"rendered":"<p>\u0160iltas ir eleganti\u0161kas kvapas, kuris apgaubia poj\u016b\u010dius savo rafinuotu jausmingumu. Vaisinis prad\u017eia su persiku, kriau\u0161e ir juodaisiais serbentais suteikia sulting\u0105 ir \u0161viesi\u0105 saldum\u0105. \u0160irdyje jazminas ir sandalmedis kuria mink\u0161t\u0105 ir rafinuot\u0105 derin\u012f, kuris pabr\u0117\u017eia moteri\u0161kum\u0105 su apgaubian\u010diu prisilietimu. Pagrinde vanil\u0117 ir baltasis muskuso palieka \u0161ilt\u0105 ir raminan\u010di\u0105 uosl\u0119, ideali klasikin\u0117s, rafinuotos moters su am\u017einu \u017eavesiu, paliekan\u010dios nepamir\u0161tam\u0105 \u012fsp\u016bd\u012f.<\/p>\n","protected":false},"excerpt":{"rendered":"<p>Primena Burberry Women i\u0161 Burberry<\/p>\n","protected":false},"featured_media":8526,"comment_status":"open","ping_status":"closed","template":"","meta":[],"product_brand":[],"product_cat":[1919],"product_tag":[1448],"class_list":{"0":"post-8528","1":"product","2":"type-product","3":"status-publish","4":"has-post-thumbnail","6":"product_cat-burberry","7":"product_tag-moterys","9":"first","10":"instock","11":"shipping-taxable","12":"product-type-simple"},"_links":{"self":[{"href":"https:\/\/divainers.com\/lt\/wp-json\/wp\/v2\/product\/8528","targetHints":{"allow":["GET"]}}],"collection":[{"href":"https:\/\/divainers.com\/lt\/wp-json\/wp\/v2\/product"}],"about":[{"href":"https:\/\/divainers.com\/lt\/wp-json\/wp\/v2\/types\/product"}],"replies":[{"embeddable":true,"href":"https:\/\/divainers.com\/lt\/wp-json\/wp\/v2\/comments?post=8528"}],"wp:featuredmedia":[{"embeddable":true,"href":"https:\/\/divainers.com\/lt\/wp-json\/wp\/v2\/media\/8526"}],"wp:attachment":[{"href":"https:\/\/divainers.com\/lt\/wp-json\/wp\/v2\/media?parent=8528"}],"wp:term":[{"taxonomy":"product_brand","embeddable":true,"href":"https:\/\/divainers.com\/lt\/wp-json\/wp\/v2\/product_brand?post=8528"},{"taxonomy":"product_cat","embeddable":true,"href":"https:\/\/divainers.com\/lt\/wp-json\/wp\/v2\/product_cat?post=8528"},{"taxonomy":"product_tag","embeddable":true,"href":"https:\/\/divainers.com\/lt\/wp-json\/wp\/v2\/product_tag?post=8528"}],"curies":[{"name":"wp","href":"https:\/\/api.w.org\/{rel}","templated":true}]}}