{"id":8571,"date":"2025-06-02T11:17:25","date_gmt":"2025-06-02T09:17:25","guid":{"rendered":"https:\/\/divainers.com\/producto\/divain-469\/"},"modified":"2026-04-30T09:51:49","modified_gmt":"2026-04-30T07:51:49","slug":"divain-469","status":"publish","type":"product","link":"https:\/\/divainers.com\/lt\/producto\/divain-469\/","title":{"rendered":"divain.469"},"content":{"rendered":"<p>Intensyvi ir rafinuota kvapas kompozicija, derinanti prieskoni\u0161k\u0105 \u0161ilum\u0105 su giliu ir eleganti\u0161ku charakteriu. Jos magnetin\u0117 ir apgaubian\u010dioji aura daro j\u0105 ideali\u0105 tiems, kurie ie\u0161ko i\u0161skirtin\u0117s esm\u0117s, atspindin\u010dios stipryb\u0119 ir charizm\u0105.<\/p>\n","protected":false},"excerpt":{"rendered":"<p>Primena Bvlgari Manin Black de Bvlgari<\/p>\n","protected":false},"featured_media":3860,"comment_status":"closed","ping_status":"closed","template":"","meta":[],"product_brand":[],"product_cat":[1940],"product_tag":[1371],"class_list":{"0":"post-8571","1":"product","2":"type-product","3":"status-publish","4":"has-post-thumbnail","6":"product_cat-bvlgari","7":"product_tag-homens","9":"first","10":"instock","11":"shipping-taxable","12":"product-type-simple"},"_links":{"self":[{"href":"https:\/\/divainers.com\/lt\/wp-json\/wp\/v2\/product\/8571","targetHints":{"allow":["GET"]}}],"collection":[{"href":"https:\/\/divainers.com\/lt\/wp-json\/wp\/v2\/product"}],"about":[{"href":"https:\/\/divainers.com\/lt\/wp-json\/wp\/v2\/types\/product"}],"replies":[{"embeddable":true,"href":"https:\/\/divainers.com\/lt\/wp-json\/wp\/v2\/comments?post=8571"}],"wp:featuredmedia":[{"embeddable":true,"href":"https:\/\/divainers.com\/lt\/wp-json\/wp\/v2\/media\/3860"}],"wp:attachment":[{"href":"https:\/\/divainers.com\/lt\/wp-json\/wp\/v2\/media?parent=8571"}],"wp:term":[{"taxonomy":"product_brand","embeddable":true,"href":"https:\/\/divainers.com\/lt\/wp-json\/wp\/v2\/product_brand?post=8571"},{"taxonomy":"product_cat","embeddable":true,"href":"https:\/\/divainers.com\/lt\/wp-json\/wp\/v2\/product_cat?post=8571"},{"taxonomy":"product_tag","embeddable":true,"href":"https:\/\/divainers.com\/lt\/wp-json\/wp\/v2\/product_tag?post=8571"}],"curies":[{"name":"wp","href":"https:\/\/api.w.org\/{rel}","templated":true}]}}