{"id":8652,"date":"2025-01-31T08:33:38","date_gmt":"2025-01-31T07:33:38","guid":{"rendered":"https:\/\/divainers.com\/producto\/divain-659\/"},"modified":"2026-04-30T09:52:21","modified_gmt":"2026-04-30T07:52:21","slug":"divain-659","status":"publish","type":"product","link":"https:\/\/divainers.com\/lt\/producto\/divain-659\/","title":{"rendered":"divain.659"},"content":{"rendered":"<p>Kvepalai, kuri i\u0161siskiria jausmingumu ir paslaptimi, puikiai tinka moteriai, norin\u010diai u\u017eb\u016brti un palikti unikal\u0173 p\u0117dsak\u0105. Pradeda vaisi\u0173 ir sulting\u0173 nat\u0173 deriniu, kur slyv\u0173 ir avie\u010di\u0173 nat\u0173 saldumas suteikia gaivumo, lydimas subtilaus g\u0117li\u0173 prisilietimo. \u0160irdyje skamba egzotini\u0173 g\u0117li\u0173, toki\u0173 kaip jazminas, subtilus akordas, suteikiantis moteri\u0161k\u0105 ir apgaubian\u010di\u0105 jausmingum\u0105. Galiausiai, bazin\u0117s santalmed\u017eio ir muskuso nat\u0173 suteikia \u0161ilt\u0105 ir \u017eemi\u0161k\u0105 pagrind\u0105, paliekant\u012f mink\u0161tumo ir gilumo poj\u016bt\u012f, kuris i\u0161lieka.<\/p>\n","protected":false},"excerpt":{"rendered":"<p>Primena Forbidden i\u0161 Victoria&#8217;s Secret<\/p>\n","protected":false},"featured_media":8650,"comment_status":"open","ping_status":"closed","template":"","meta":[],"product_brand":[],"product_cat":[1980],"product_tag":[1448],"class_list":{"0":"post-8652","1":"product","2":"type-product","3":"status-publish","4":"has-post-thumbnail","6":"product_cat-victorias-secret","7":"product_tag-moterys","9":"first","10":"instock","11":"shipping-taxable","12":"product-type-simple"},"_links":{"self":[{"href":"https:\/\/divainers.com\/lt\/wp-json\/wp\/v2\/product\/8652","targetHints":{"allow":["GET"]}}],"collection":[{"href":"https:\/\/divainers.com\/lt\/wp-json\/wp\/v2\/product"}],"about":[{"href":"https:\/\/divainers.com\/lt\/wp-json\/wp\/v2\/types\/product"}],"replies":[{"embeddable":true,"href":"https:\/\/divainers.com\/lt\/wp-json\/wp\/v2\/comments?post=8652"}],"wp:featuredmedia":[{"embeddable":true,"href":"https:\/\/divainers.com\/lt\/wp-json\/wp\/v2\/media\/8650"}],"wp:attachment":[{"href":"https:\/\/divainers.com\/lt\/wp-json\/wp\/v2\/media?parent=8652"}],"wp:term":[{"taxonomy":"product_brand","embeddable":true,"href":"https:\/\/divainers.com\/lt\/wp-json\/wp\/v2\/product_brand?post=8652"},{"taxonomy":"product_cat","embeddable":true,"href":"https:\/\/divainers.com\/lt\/wp-json\/wp\/v2\/product_cat?post=8652"},{"taxonomy":"product_tag","embeddable":true,"href":"https:\/\/divainers.com\/lt\/wp-json\/wp\/v2\/product_tag?post=8652"}],"curies":[{"name":"wp","href":"https:\/\/api.w.org\/{rel}","templated":true}]}}