{"id":9183,"date":"2025-01-31T08:33:39","date_gmt":"2025-01-31T07:33:39","guid":{"rendered":"https:\/\/divainers.com\/producto\/divain-100\/"},"modified":"2026-04-30T09:54:40","modified_gmt":"2026-04-30T07:54:40","slug":"divain-100","status":"publish","type":"product","link":"https:\/\/divainers.com\/lt\/producto\/divain-100\/","title":{"rendered":"divain.100"},"content":{"rendered":"<p>\u0160varus ir nat\u016bralus aromatas, kuris sukelia ryto gaivum\u0105 ir gamtos \u0161velnum\u0105. Jo \u0161viesus atidarymas su citrusiniais vaisiais ir \u017ealiais lapais suteikia gaivinant\u012f ir lengv\u0105 poj\u016bt\u012f. \u0160irdyje g\u0117li\u0173 puok\u0161t\u0117 i\u0161 jazmino, ro\u017e\u0117s ir lelijos apgaubia kvap\u0105 mink\u0161ta ir eleganti\u0161ka moteri\u0161kumu. Pagrinde muskusas ir kedro medis sukuria \u0161ilt\u0105 ir apgaubiant\u012f p\u0117dsak\u0105, puikiai tinkant\u012f romanti\u0161kai, rami\u0105 moter\u012f su subtiliu \u017eavesiu, kuris palieka \u012fsp\u016bd\u012f.<\/p>\n","protected":false},"excerpt":{"rendered":"<p>Primena Agua de Rocio i\u0161 Victorio &#038; Lucchino<\/p>\n","protected":false},"featured_media":9181,"comment_status":"open","ping_status":"closed","template":"","meta":[],"product_brand":[],"product_cat":[2234],"product_tag":[1448],"class_list":{"0":"post-9183","1":"product","2":"type-product","3":"status-publish","4":"has-post-thumbnail","6":"product_cat-victorio-lucchino","7":"product_tag-moterys","9":"first","10":"instock","11":"shipping-taxable","12":"product-type-simple"},"_links":{"self":[{"href":"https:\/\/divainers.com\/lt\/wp-json\/wp\/v2\/product\/9183","targetHints":{"allow":["GET"]}}],"collection":[{"href":"https:\/\/divainers.com\/lt\/wp-json\/wp\/v2\/product"}],"about":[{"href":"https:\/\/divainers.com\/lt\/wp-json\/wp\/v2\/types\/product"}],"replies":[{"embeddable":true,"href":"https:\/\/divainers.com\/lt\/wp-json\/wp\/v2\/comments?post=9183"}],"wp:featuredmedia":[{"embeddable":true,"href":"https:\/\/divainers.com\/lt\/wp-json\/wp\/v2\/media\/9181"}],"wp:attachment":[{"href":"https:\/\/divainers.com\/lt\/wp-json\/wp\/v2\/media?parent=9183"}],"wp:term":[{"taxonomy":"product_brand","embeddable":true,"href":"https:\/\/divainers.com\/lt\/wp-json\/wp\/v2\/product_brand?post=9183"},{"taxonomy":"product_cat","embeddable":true,"href":"https:\/\/divainers.com\/lt\/wp-json\/wp\/v2\/product_cat?post=9183"},{"taxonomy":"product_tag","embeddable":true,"href":"https:\/\/divainers.com\/lt\/wp-json\/wp\/v2\/product_tag?post=9183"}],"curies":[{"name":"wp","href":"https:\/\/api.w.org\/{rel}","templated":true}]}}