{"id":9370,"date":"2025-08-29T08:51:38","date_gmt":"2025-08-29T06:51:38","guid":{"rendered":"https:\/\/divainers.com\/producto\/divain-1063\/"},"modified":"2026-04-30T09:55:10","modified_gmt":"2026-04-30T07:55:10","slug":"divain-1063","status":"publish","type":"product","link":"https:\/\/divainers.com\/lt\/producto\/divain-1063\/","title":{"rendered":"divain.1063"},"content":{"rendered":"<p>Skleid\u017eia sulting\u0105 ir \u0161viesi\u0105 gaiv\u0105, su subtiliu ir eleganti\u0161ku charakteriu, kuris pa\u017eadina gyvybingum\u0105 ir d\u017eiaugsm\u0105. Gyvybinga ir rafinuota kvapas, idealiai tinkantis tiems, kurie ie\u0161ko \u017e\u0117rin\u010dio ir nat\u016bralaus akcento savo stiliuje.<\/p>\n","protected":false},"excerpt":{"rendered":"<p>Primena Fragaria i\u0161 Creed<\/p>\n","protected":false},"featured_media":4139,"comment_status":"open","ping_status":"closed","template":"","meta":[],"product_brand":[],"product_cat":[2269],"product_tag":[1428],"class_list":{"0":"post-9370","1":"product","2":"type-product","3":"status-publish","4":"has-post-thumbnail","6":"product_cat-creed","7":"product_tag-naiset","9":"first","10":"instock","11":"shipping-taxable","12":"product-type-simple"},"_links":{"self":[{"href":"https:\/\/divainers.com\/lt\/wp-json\/wp\/v2\/product\/9370","targetHints":{"allow":["GET"]}}],"collection":[{"href":"https:\/\/divainers.com\/lt\/wp-json\/wp\/v2\/product"}],"about":[{"href":"https:\/\/divainers.com\/lt\/wp-json\/wp\/v2\/types\/product"}],"replies":[{"embeddable":true,"href":"https:\/\/divainers.com\/lt\/wp-json\/wp\/v2\/comments?post=9370"}],"wp:featuredmedia":[{"embeddable":true,"href":"https:\/\/divainers.com\/lt\/wp-json\/wp\/v2\/media\/4139"}],"wp:attachment":[{"href":"https:\/\/divainers.com\/lt\/wp-json\/wp\/v2\/media?parent=9370"}],"wp:term":[{"taxonomy":"product_brand","embeddable":true,"href":"https:\/\/divainers.com\/lt\/wp-json\/wp\/v2\/product_brand?post=9370"},{"taxonomy":"product_cat","embeddable":true,"href":"https:\/\/divainers.com\/lt\/wp-json\/wp\/v2\/product_cat?post=9370"},{"taxonomy":"product_tag","embeddable":true,"href":"https:\/\/divainers.com\/lt\/wp-json\/wp\/v2\/product_tag?post=9370"}],"curies":[{"name":"wp","href":"https:\/\/api.w.org\/{rel}","templated":true}]}}