{"id":9449,"date":"2025-01-31T08:32:10","date_gmt":"2025-01-31T07:32:10","guid":{"rendered":"https:\/\/divainers.com\/producto\/divain-935\/"},"modified":"2026-04-30T09:55:35","modified_gmt":"2026-04-30T07:55:35","slug":"divain-935","status":"publish","type":"product","link":"https:\/\/divainers.com\/lt\/producto\/divain-935\/","title":{"rendered":"divain.935"},"content":{"rendered":"<p>Gyvybinga ir \u017e\u0117rinti kvap\u0173 kompozicija, kuri pa\u017eadina poj\u016b\u010dius gaivumo ir energijos sprogimu. Nuo pat prad\u017ei\u0173 apelsin\u0173 ir citrin\u0173 citrusiniai tonai susilieja su mandarin\u0173 gaidele, sukurdami \u0161viesos ir gyvybingumo poj\u016bt\u012f, tarsi saul\u0117s spindulys ry\u0161ki\u0105 dien\u0105. Kvapui vystantis, \u0161velnus jazmin\u0173 ir ro\u017ei\u0173 g\u0117li\u0173 akordas suteikia moteri\u0161ko \u0161velnumo, o \u0161ilta musko ir kedro baz\u0117 sukuria medienos pagrind\u0105, subalansuojant\u012f gaivum\u0105 ir mink\u0161tum\u0105. \u0160is kvepalas puikiai tinka tiems, kurie ie\u0161ko gaivinan\u010dios ir d\u017eiugios kvap\u0173 patirties, paliekan\u010dios lengv\u0105, \u0161vie\u017ei\u0105 ir gyvybing\u0105 p\u0117dsak\u0105, ideal\u0173 laisv\u0117s ir optimizmo akimirkoms.<\/p>\n","protected":false},"excerpt":{"rendered":"<p>Primena Chispas de Dana<\/p>\n","protected":false},"featured_media":3215,"comment_status":"open","ping_status":"closed","template":"","meta":[],"product_brand":[],"product_cat":[2332],"product_tag":[2333],"class_list":{"0":"post-9449","1":"product","2":"type-product","3":"status-publish","4":"has-post-thumbnail","6":"product_cat-dana","7":"product_tag-ninos-y-ninas","9":"first","10":"instock","11":"shipping-taxable","12":"product-type-simple"},"_links":{"self":[{"href":"https:\/\/divainers.com\/lt\/wp-json\/wp\/v2\/product\/9449","targetHints":{"allow":["GET"]}}],"collection":[{"href":"https:\/\/divainers.com\/lt\/wp-json\/wp\/v2\/product"}],"about":[{"href":"https:\/\/divainers.com\/lt\/wp-json\/wp\/v2\/types\/product"}],"replies":[{"embeddable":true,"href":"https:\/\/divainers.com\/lt\/wp-json\/wp\/v2\/comments?post=9449"}],"wp:featuredmedia":[{"embeddable":true,"href":"https:\/\/divainers.com\/lt\/wp-json\/wp\/v2\/media\/3215"}],"wp:attachment":[{"href":"https:\/\/divainers.com\/lt\/wp-json\/wp\/v2\/media?parent=9449"}],"wp:term":[{"taxonomy":"product_brand","embeddable":true,"href":"https:\/\/divainers.com\/lt\/wp-json\/wp\/v2\/product_brand?post=9449"},{"taxonomy":"product_cat","embeddable":true,"href":"https:\/\/divainers.com\/lt\/wp-json\/wp\/v2\/product_cat?post=9449"},{"taxonomy":"product_tag","embeddable":true,"href":"https:\/\/divainers.com\/lt\/wp-json\/wp\/v2\/product_tag?post=9449"}],"curies":[{"name":"wp","href":"https:\/\/api.w.org\/{rel}","templated":true}]}}