{"id":956,"date":"2025-01-31T08:33:08","date_gmt":"2025-01-31T07:33:08","guid":{"rendered":"https:\/\/divainers.com\/producto\/divain-076\/"},"modified":"2026-03-16T16:08:08","modified_gmt":"2026-03-16T15:08:08","slug":"divain-076","status":"publish","type":"product","link":"https:\/\/divainers.com\/lt\/producto\/divain-076\/","title":{"rendered":"divain.076"},"content":{"rendered":"<p>Un aroma sofisticado y envolvente que exalta la feminidad con un aura de misterio y elegancia. Su apertura delicada de rosa y durazno aporta una dulzura sutil y aterciopelada. En el coraz\u00f3n, el almizcle y el \u00e1mbar envuelven la fragancia en una sensualidad profunda y adictiva. En el fondo, el pachul\u00ed y el s\u00e1ndalo crean una estela c\u00e1lida y sofisticada, perfecta para la mujer elegante, enigm\u00e1tica y con un magnetismo irresistible.<\/p>\n","protected":false},"excerpt":{"rendered":"<p>Recuerda a Narciso Rodriguez For Her EDP de Narciso Rodriguez<\/p>\n","protected":false},"featured_media":3592,"comment_status":"open","ping_status":"closed","template":"","meta":[],"product_brand":[],"product_cat":[749],"product_tag":[1424],"class_list":{"0":"post-956","1":"product","2":"type-product","3":"status-publish","4":"has-post-thumbnail","6":"product_cat-narciso-rodriguez","7":"product_tag-femmes","9":"first","10":"instock","11":"shipping-taxable","12":"product-type-simple"},"_links":{"self":[{"href":"https:\/\/divainers.com\/lt\/wp-json\/wp\/v2\/product\/956","targetHints":{"allow":["GET"]}}],"collection":[{"href":"https:\/\/divainers.com\/lt\/wp-json\/wp\/v2\/product"}],"about":[{"href":"https:\/\/divainers.com\/lt\/wp-json\/wp\/v2\/types\/product"}],"replies":[{"embeddable":true,"href":"https:\/\/divainers.com\/lt\/wp-json\/wp\/v2\/comments?post=956"}],"wp:featuredmedia":[{"embeddable":true,"href":"https:\/\/divainers.com\/lt\/wp-json\/wp\/v2\/media\/3592"}],"wp:attachment":[{"href":"https:\/\/divainers.com\/lt\/wp-json\/wp\/v2\/media?parent=956"}],"wp:term":[{"taxonomy":"product_brand","embeddable":true,"href":"https:\/\/divainers.com\/lt\/wp-json\/wp\/v2\/product_brand?post=956"},{"taxonomy":"product_cat","embeddable":true,"href":"https:\/\/divainers.com\/lt\/wp-json\/wp\/v2\/product_cat?post=956"},{"taxonomy":"product_tag","embeddable":true,"href":"https:\/\/divainers.com\/lt\/wp-json\/wp\/v2\/product_tag?post=956"}],"curies":[{"name":"wp","href":"https:\/\/api.w.org\/{rel}","templated":true}]}}