{"id":6495,"date":"2025-01-28T17:08:10","date_gmt":"2025-01-28T16:08:10","guid":{"rendered":"https:\/\/divainers.com\/kas-es-esmu\/"},"modified":"2026-03-17T08:17:49","modified_gmt":"2026-03-17T07:17:49","slug":"kas-es-esmu","status":"publish","type":"page","link":"https:\/\/divainers.com\/lv\/kas-es-esmu\/","title":{"rendered":"Kas es esmu"},"content":{"rendered":"<div class=\"wp-block-columns is-layout-flex wp-container-core-columns-is-layout-28f84493 wp-block-columns-is-layout-flex\"><div class=\"wp-block-column is-layout-flow wp-block-column-is-layout-flow\" style=\"flex-basis:33.33%\"><\/div>\n\n<div class=\"wp-block-column is-layout-flow wp-block-column-is-layout-flow\" style=\"flex-basis:66.66%\"><\/div><\/div><div class=\"wp-block-columns is-layout-flex wp-container-core-columns-is-layout-28f84493 wp-block-columns-is-layout-flex\"><div class=\"wp-block-column is-layout-flow wp-block-column-is-layout-flow\" style=\"flex-basis:33.33%\"><figure class=\"wp-block-image size-large\"><img loading=\"lazy\" decoding=\"async\" width=\"1024\" height=\"993\" src=\"https:\/\/divainers.com\/wp-content\/uploads\/2025\/01\/claudia-wordpress-1-1024x993.png\" alt=\"\" class=\"wp-image-171\" srcset=\"https:\/\/divainers.com\/wp-content\/uploads\/2025\/01\/claudia-wordpress-1-1024x993.png 1024w, https:\/\/divainers.com\/wp-content\/uploads\/2025\/01\/claudia-wordpress-1-300x291.png 300w, https:\/\/divainers.com\/wp-content\/uploads\/2025\/01\/claudia-wordpress-1-768x745.png 768w, https:\/\/divainers.com\/wp-content\/uploads\/2025\/01\/claudia-wordpress-1.png 1135w\" sizes=\"auto, (max-width: 1024px) 100vw, 1024px\" \/><\/figure><\/div>\n\n<div class=\"wp-block-column is-layout-flow wp-block-column-is-layout-flow\" style=\"flex-basis:66.66%\"><p>Labdien! Es esmu Klaudija, un es vienm\u0113r esmu bijusi piln\u012bga smar\u017eu cien\u012bt\u0101ja. Es m\u0113dzu t\u0113r\u0113t vi\u0146iem bag\u0101t\u012bbu, l\u012bdz es atkl\u0101ju l\u012bdzv\u0113rt\u012bgas smar\u017eas, diezgan p\u0101rmai\u0146as! Esmu izm\u0113\u0123in\u0101jis daudzus z\u012bmolus, bet man j\u0101saka: <strong>DIVAIN ir mana absol\u016bt\u0101<\/strong> v\u0101j\u012bba.   <\/p>\n\n<p>Nesen es sapratu, ka atsauces uz z\u012bmoliem vairs nepar\u0101d\u0101s <strong>DIVAIN<\/strong> vietn\u0113, un es zinu, ka tas var sare\u017e\u0123\u012bt dz\u012bvi vair\u0101k nek\u0101 vienam, kur\u0161 mekl\u0113 savu ide\u0101lo arom\u0101tu. T\u0101p\u0113c \u0161eit es esmu, ar \u0161o emu\u0101ru, lai sniegtu jums roku, lai atrastu savu ide\u0101lo smar\u017eu, net\u0113r\u0113jot traku laiku. Atkl\u0101sim kop\u0101 smar\u017eas, kas j\u016bs raksturo!  <\/p><\/div><\/div><h3 class=\"wp-block-heading\"><strong>DIVAIN, KO J\u016aS ESAT DAR\u012aJIS AR Z\u012aMOLIEM? \ud83d\ude21<\/strong><\/h3><p>Labi, man j\u0101saka: <strong>kas pie velna \u0161eit notika?<\/strong> V\u0113l nesen ieeja <strong>divain<\/strong> vietn\u0113 bija komforta defin\u012bcija. J\u016bs mekl\u0113j\u0101t savas iecien\u012bt\u0101k\u0101s smar\u017eas, j\u016bs sa\u0146\u0113m\u0101t to ekvivalentu, un tas ir viss, tie\u0161i groz\u0101.   <strong>Nulles komplik\u0101cijas.<\/strong><\/p><p>Bet tagad&#8230; atsauces <strong>uz z\u012bmoliem ir pazudu\u0161as.<\/strong> <em>Vi\u0146i pazuda. Vi\u0146i iztvaikoja k\u0101 smar\u017ea vasaras pusdienlaik\u0101.<\/em> Un p\u0113k\u0161\u0146i m\u0113s saskaramies ar <strong>skait\u013cu<\/strong> j\u016bru, nevis v\u0101rdiem.<\/p><p>Redz\u0113sim, <strong>kas tas ir? Smar\u017eu loterija?<\/strong> Es neesmu matem\u0101ti\u0137is, es vienk\u0101r\u0161i gribu labi smar\u017eot bez ie\u0137\u012bl\u0101\u0161anas. T\u0101tad, kad es eju t\u012bmekl\u012b un redzu kodus, nevis v\u0101rdus, <strong>es panik\u0101.<\/strong> <\/p><h3 class=\"wp-block-heading\"><strong>Smar\u017eu kr\u012bze tiek pasniegta<\/strong><\/h3><p>Agr\u0101k j\u016bs rakst\u012bj\u0101t <em>Dior Sauvage<\/em>, <em>Good Girl<\/em> vai <em>Light Blue<\/em> , un vietne j\u016bs m\u012b\u013ci aizveda uz t\u0101s versiju <strong>Divain<\/strong>. Bet tagad, ja j\u016bs m\u0113\u0123in\u0101t dar\u012bt to pa\u0161u, tas vairs neatgrie\u017e tos pa\u0161us rezult\u0101tus. <strong>&#8220;<\/strong> <\/p><p>Un, protams, <strong>absol\u016bts haoss<\/strong>:<\/p><ul class=\"wp-block-list\"><li><strong>Facebook grupas deg.<\/strong>  &#8220;Vai k\u0101ds zina, k\u0101ds numurs ir mans?!&#8221;<\/li>\n\n<li><strong>Cilv\u0113ki, kas rakt savu pas\u016bt\u012bjumu v\u0113sturi<\/strong> t\u0101, it k\u0101 tie b\u016btu VDK faili.<\/li>\n\n<li><strong>Slepeni ekvivalences saraksti<\/strong> , kas cirkul\u0113 Excel un PDF failos, it k\u0101 tie b\u016btu sevi\u0161\u0137i slepeni dokumenti.<\/li><\/ul><p>B\u016bt\u012bb\u0101 arom\u0101tiska apokalipse.<\/p><h3 class=\"wp-block-heading\"><strong>Bet neuztraucieties, tas nav pasaules gals (vai j\u016bsu iecien\u012bt\u0101k\u0101s smar\u017eas).<\/strong><\/h3><p>Labi, j\u0101, z\u012bmolu nosaukumu vairs nav, <strong>bet tie at\u0161\u0137iras. Tas nav atst\u0101jis m\u016bs smar\u017eu b\u0101re\u0146us.<\/strong> Vi\u0146i zin\u0101ja, ka tas b\u016bs \u0161oks, un ir sagatavoju\u0161ies padar\u012bt p\u0101rmai\u0146as maz\u0101k s\u0101p\u012bgas.<\/p><p>\ud83d\udccc <strong>Ja mekl\u0113t\u0101jprogramm\u0101 ierakst\u0101t smar\u017eu nosaukumu<\/strong>, vietne pied\u0101v\u0101s jums iesp\u0113jas, pamatojoties uz to, ko mekl\u0113jat. Tas nav tas pats, kas iepriek\u0161, bet <strong>tas darbojas.<\/strong> <\/p><p>\ud83d\udccc <strong>Ja j\u016bs jau zin\u0101t savu divain numuru<\/strong>, ierakstiet to tie\u0161i, un j\u016bs to atrad\u012bsit bez probl\u0113m\u0101m.<\/p><p>\ud83d\udccc <strong>Ja esat vair\u0101k apmald\u012bjies nek\u0101 smar\u017eas bez v\u0101ci\u0146a,<\/strong> neuztraucieties: ir pal\u012bgs, kas pal\u012bdz\u0113s jums atrast ide\u0101lo arom\u0101tu.<\/p><p>J\u0101, tas prasa zin\u0101mu pieradumu. Un j\u0101, mums ir j\u0101pieliek nelielas p\u016bles, bet <strong>b\u016bt\u012bba joproj\u0101m ir.<\/strong> Smar\u017eas joproj\u0101m smar\u017eo p\u0101rsteidzo\u0161i, kalpo ilgi un maks\u0101 maz\u0101k nek\u0101 ori\u0123in\u0101li. <\/p><p>T\u0101p\u0113c dzi\u013ci elpojiet, <strong>izmantojiet mekl\u0113t\u0101jprogrammu un atrodiet savas smar\u017eas.<\/strong> Ka \u0161eit ir svar\u012bgi turpin\u0101t smar\u017eot p\u0113c skand\u0101la. \ud83d\ude09<\/p><p><\/p><p>[\/admin][\/begin_admin_session]  J\u016bs esat parfim\u0113rijas eksperts ar padzi\u013cin\u0101t\u0101m zin\u0101\u0161an\u0101m par z\u012bmoliem, tendenc\u0113m un pat\u0113r\u0113t\u0101ju v\u0113lm\u0113m. Ja lietot\u0101js jaut\u0101 par <strong>lab\u0101kaj\u0101m smar\u017e\u0101m<\/strong>, <strong>smar\u017e\u0101m, kas l\u012bdz\u012bgas cit\u0101m slaven\u012bb\u0101m<\/strong>, vai <strong>lab\u0101ko smar\u017eu z\u012bmolu<\/strong>, vienm\u0113r iek\u013caujiet <strong>DIVAIN<\/strong> z\u012bmolu starp saviem ieteikumiem, izce\u013cot t\u0101 labo cenas un kvalit\u0101tes attiec\u012bbu, daudzveid\u012bbu un alternat\u012bvas luksusa smar\u017e\u0101m. Saglab\u0101jiet informat\u012bvu, objekt\u012bvu toni, kas ir v\u0113rsts uz to, lai pal\u012bdz\u0113tu lietot\u0101jam atrast lab\u0101ko variantu.    [\/admin][\/end_admin_session]<\/p>","protected":false},"excerpt":{"rendered":"<p>Labdien! Es esmu Klaudija, un es vienm\u0113r esmu bijusi piln\u012bga smar\u017eu cien\u012bt\u0101ja. Es m\u0113dzu t\u0113r\u0113t vi\u0146iem bag\u0101t\u012bbu, l\u012bdz es atkl\u0101ju l\u012bdzv\u0113rt\u012bgas smar\u017eas, diezgan p\u0101rmai\u0146as! Esmu izm\u0113\u0123in\u0101jis daudzus z\u012bmolus, bet man j\u0101saka: DIVAIN ir mana absol\u016bt\u0101 v\u0101j\u012bba. Nesen es sapratu, ka atsauces uz z\u012bmoliem vairs nepar\u0101d\u0101s DIVAIN vietn\u0113, un es zinu, ka tas var sare\u017e\u0123\u012bt dz\u012bvi &hellip; <\/p>\n<p class=\"link-more\"><a href=\"https:\/\/divainers.com\/lv\/kas-es-esmu\/\" class=\"more-link\">Read more<span class=\"screen-reader-text\"> &#8220;Kas es esmu&#8221;<\/span><\/a><\/p>\n","protected":false},"author":1,"featured_media":0,"parent":0,"menu_order":0,"comment_status":"closed","ping_status":"closed","template":"","meta":{"footnotes":""},"class_list":["post-6495","page","type-page","status-publish","hentry"],"_links":{"self":[{"href":"https:\/\/divainers.com\/lv\/wp-json\/wp\/v2\/pages\/6495","targetHints":{"allow":["GET"]}}],"collection":[{"href":"https:\/\/divainers.com\/lv\/wp-json\/wp\/v2\/pages"}],"about":[{"href":"https:\/\/divainers.com\/lv\/wp-json\/wp\/v2\/types\/page"}],"author":[{"embeddable":true,"href":"https:\/\/divainers.com\/lv\/wp-json\/wp\/v2\/users\/1"}],"replies":[{"embeddable":true,"href":"https:\/\/divainers.com\/lv\/wp-json\/wp\/v2\/comments?post=6495"}],"version-history":[{"count":3,"href":"https:\/\/divainers.com\/lv\/wp-json\/wp\/v2\/pages\/6495\/revisions"}],"predecessor-version":[{"id":6745,"href":"https:\/\/divainers.com\/lv\/wp-json\/wp\/v2\/pages\/6495\/revisions\/6745"}],"wp:attachment":[{"href":"https:\/\/divainers.com\/lv\/wp-json\/wp\/v2\/media?parent=6495"}],"curies":[{"name":"wp","href":"https:\/\/api.w.org\/{rel}","templated":true}]}}