{"id":10708,"date":"2025-01-31T08:32:35","date_gmt":"2025-01-31T07:32:35","guid":{"rendered":"https:\/\/divainers.com\/producto\/divain-383\/"},"modified":"2026-04-30T10:46:52","modified_gmt":"2026-04-30T08:46:52","slug":"divain-383","status":"publish","type":"product","link":"https:\/\/divainers.com\/lv\/producto\/divain-383\/","title":{"rendered":"divain.383"},"content":{"rendered":"<p>Drosm\u012bga un vilino\u0161a kombin\u0101cija, kur arom\u0101tisk\u0101 lavanda sapl\u016bst ar koksnes not\u012bm un pikantu pamatni. T\u0101s dzi\u013cais un viegli saldais raksturs pie\u0161\u0137ir m\u016bsdien\u012bgu noska\u0146u, nezaud\u0113jot klasisko un v\u012bri\u0161\u0137\u012bgo b\u016bt\u012bbu.<\/p>\n","protected":false},"excerpt":{"rendered":"<p>Atg\u0101dina Drakkar Intense de Guy Laroche<\/p>\n","protected":false},"featured_media":10706,"comment_status":"open","ping_status":"closed","template":"","meta":[],"product_brand":[],"product_cat":[2923],"product_tag":[1372],"class_list":{"0":"post-10708","1":"product","2":"type-product","3":"status-publish","4":"has-post-thumbnail","6":"product_cat-guy-laroche","7":"product_tag-ferfiak","9":"first","10":"instock","11":"shipping-taxable","12":"product-type-simple"},"_links":{"self":[{"href":"https:\/\/divainers.com\/lv\/wp-json\/wp\/v2\/product\/10708","targetHints":{"allow":["GET"]}}],"collection":[{"href":"https:\/\/divainers.com\/lv\/wp-json\/wp\/v2\/product"}],"about":[{"href":"https:\/\/divainers.com\/lv\/wp-json\/wp\/v2\/types\/product"}],"replies":[{"embeddable":true,"href":"https:\/\/divainers.com\/lv\/wp-json\/wp\/v2\/comments?post=10708"}],"wp:featuredmedia":[{"embeddable":true,"href":"https:\/\/divainers.com\/lv\/wp-json\/wp\/v2\/media\/10706"}],"wp:attachment":[{"href":"https:\/\/divainers.com\/lv\/wp-json\/wp\/v2\/media?parent=10708"}],"wp:term":[{"taxonomy":"product_brand","embeddable":true,"href":"https:\/\/divainers.com\/lv\/wp-json\/wp\/v2\/product_brand?post=10708"},{"taxonomy":"product_cat","embeddable":true,"href":"https:\/\/divainers.com\/lv\/wp-json\/wp\/v2\/product_cat?post=10708"},{"taxonomy":"product_tag","embeddable":true,"href":"https:\/\/divainers.com\/lv\/wp-json\/wp\/v2\/product_tag?post=10708"}],"curies":[{"name":"wp","href":"https:\/\/api.w.org\/{rel}","templated":true}]}}