{"id":11293,"date":"2025-01-31T08:33:26","date_gmt":"2025-01-31T07:33:26","guid":{"rendered":"https:\/\/divainers.com\/producto\/divain-544\/"},"modified":"2026-04-30T10:50:02","modified_gmt":"2026-04-30T08:50:02","slug":"divain-544","status":"publish","type":"product","link":"https:\/\/divainers.com\/lv\/producto\/divain-544\/","title":{"rendered":"divain.544"},"content":{"rendered":"<p>Delik\u0101ta un gai\u0161a smar\u017ea, kas atg\u0101dina smalko eleganci un v\u0113rt\u012bga d\u0101rgakmens svaigumu. Jau s\u0101kum\u0101 svaigu citrusaug\u013cu un za\u013co lapu mais\u012bjums modina ma\u0146as ar dz\u012bv\u012bgu un atsvaidzino\u0161u saj\u016btu. Sird\u012b ziedu pu\u0161\u0137is no rozes, jasm\u012bna un lilijas pie\u0161\u0137ir maigu un izsmalcin\u0101tu sievi\u0161\u0137\u012bbu, kam\u0113r austi\u0146a ave\u0146u pievieno vieglu un aug\u013cainu saldumu. Visbeidzot, pamats no pi\u017ema, ciedra koka un vani\u013cas atst\u0101j siltu, aptvero\u0161u un juteklisku p\u0113du. Ide\u0101ls parf\u012bms tiem, kas mekl\u0113 svaigu, ziedu un elegantu arom\u0101tu, piem\u0113rots ikdienas lieto\u0161anai vai \u012bpa\u0161iem gad\u012bjumiem, kas pilni ar gaismu un \u017e\u0113last\u012bbu.<\/p>\n","protected":false},"excerpt":{"rendered":"<p>Atg\u0101dina Aura no Swarovski<\/p>\n","protected":false},"featured_media":11292,"comment_status":"open","ping_status":"closed","template":"","meta":[],"product_brand":[],"product_cat":[3219],"product_tag":[1452],"class_list":{"0":"post-11293","1":"product","2":"type-product","3":"status-publish","4":"has-post-thumbnail","6":"product_cat-swarovski","7":"product_tag-sievietes","9":"first","10":"instock","11":"shipping-taxable","12":"product-type-simple"},"_links":{"self":[{"href":"https:\/\/divainers.com\/lv\/wp-json\/wp\/v2\/product\/11293","targetHints":{"allow":["GET"]}}],"collection":[{"href":"https:\/\/divainers.com\/lv\/wp-json\/wp\/v2\/product"}],"about":[{"href":"https:\/\/divainers.com\/lv\/wp-json\/wp\/v2\/types\/product"}],"replies":[{"embeddable":true,"href":"https:\/\/divainers.com\/lv\/wp-json\/wp\/v2\/comments?post=11293"}],"wp:featuredmedia":[{"embeddable":true,"href":"https:\/\/divainers.com\/lv\/wp-json\/wp\/v2\/media\/11292"}],"wp:attachment":[{"href":"https:\/\/divainers.com\/lv\/wp-json\/wp\/v2\/media?parent=11293"}],"wp:term":[{"taxonomy":"product_brand","embeddable":true,"href":"https:\/\/divainers.com\/lv\/wp-json\/wp\/v2\/product_brand?post=11293"},{"taxonomy":"product_cat","embeddable":true,"href":"https:\/\/divainers.com\/lv\/wp-json\/wp\/v2\/product_cat?post=11293"},{"taxonomy":"product_tag","embeddable":true,"href":"https:\/\/divainers.com\/lv\/wp-json\/wp\/v2\/product_tag?post=11293"}],"curies":[{"name":"wp","href":"https:\/\/api.w.org\/{rel}","templated":true}]}}