{"id":1172,"date":"2025-01-31T08:33:35","date_gmt":"2025-01-31T07:33:35","guid":{"rendered":"https:\/\/divainers.com\/producto\/divain-758\/"},"modified":"2026-04-30T16:13:15","modified_gmt":"2026-04-30T14:13:15","slug":"divain-758","status":"publish","type":"product","link":"https:\/\/divainers.com\/lv\/producto\/divain-758\/","title":{"rendered":"divain.758"},"content":{"rendered":"<p>Misteriozan i zavodljiv miris koji obavija ko\u017eu magnetskom elegancijom i dodirom sofisticiranosti. Od prvog trenutka, blistava bergamotka i tamni za\u010dini bude osjetila intrigantnom svje\u017einom. U srcu, dubina crne ru\u017ee i jasmina spajaju se s jantarim notama, donose\u0107i senzualan i o\u010daravaju\u0107i zrak. Na kraju, obavijaju\u0107a baza od vanilije, pa\u010dulija i dimljenog drva ostavlja topao, intenzivan i ovisni\u010dki trag. Hrabri i sofisticirani parfem, idealan za one koji tra\u017ee zagonetni, luksuzni miris s nezaboravnim karakterom.<\/p>\n","protected":false},"excerpt":{"rendered":"<p>Podsje\u0107a na Love Me the Onyx od Tous<\/p>\n","protected":false},"featured_media":15715,"comment_status":"open","ping_status":"closed","template":"","meta":[],"product_brand":[],"product_cat":[4535],"product_tag":[1444],"class_list":{"0":"post-1172","1":"product","2":"type-product","3":"status-publish","4":"has-post-thumbnail","6":"product_cat-tous","7":"product_tag-kvinner","9":"first","10":"instock","11":"shipping-taxable","12":"product-type-simple"},"_links":{"self":[{"href":"https:\/\/divainers.com\/lv\/wp-json\/wp\/v2\/product\/1172","targetHints":{"allow":["GET"]}}],"collection":[{"href":"https:\/\/divainers.com\/lv\/wp-json\/wp\/v2\/product"}],"about":[{"href":"https:\/\/divainers.com\/lv\/wp-json\/wp\/v2\/types\/product"}],"replies":[{"embeddable":true,"href":"https:\/\/divainers.com\/lv\/wp-json\/wp\/v2\/comments?post=1172"}],"wp:featuredmedia":[{"embeddable":true,"href":"https:\/\/divainers.com\/lv\/wp-json\/wp\/v2\/media\/15715"}],"wp:attachment":[{"href":"https:\/\/divainers.com\/lv\/wp-json\/wp\/v2\/media?parent=1172"}],"wp:term":[{"taxonomy":"product_brand","embeddable":true,"href":"https:\/\/divainers.com\/lv\/wp-json\/wp\/v2\/product_brand?post=1172"},{"taxonomy":"product_cat","embeddable":true,"href":"https:\/\/divainers.com\/lv\/wp-json\/wp\/v2\/product_cat?post=1172"},{"taxonomy":"product_tag","embeddable":true,"href":"https:\/\/divainers.com\/lv\/wp-json\/wp\/v2\/product_tag?post=1172"}],"curies":[{"name":"wp","href":"https:\/\/api.w.org\/{rel}","templated":true}]}}