{"id":11747,"date":"2025-01-31T08:33:27","date_gmt":"2025-01-31T07:33:27","guid":{"rendered":"https:\/\/divainers.com\/producto\/divain-903\/"},"modified":"2026-04-30T10:53:17","modified_gmt":"2026-04-30T08:53:17","slug":"divain-903","status":"publish","type":"product","link":"https:\/\/divainers.com\/lv\/producto\/divain-903\/","title":{"rendered":"divain.903"},"content":{"rendered":"<p>Burv\u012bga un maiga smar\u017ea, kas atmodina b\u0113rn\u012bbas t\u012br\u012bbu ar svaigu un maigu spilgto citrusaug\u013cu un maig\u0101m ziedu not\u012bm. Atv\u0113rums ir citronu un saldu apels\u012bnu nop\u016bta, kas uzreiz pamodina ma\u0146as ar jaunekl\u012bgu dz\u012bv\u012bgumu. Att\u012bstoties, apels\u012bnziedu un jasm\u012bna notis pie\u0161\u0137ir siltu un maigu piesk\u0101rienu, kam\u0113r mande\u013cu un vani\u013cas b\u0101ze ietver smar\u017eu ar nomierino\u0161u maigumu, atst\u0101jot saldu un viegli kr\u0113m\u012bgu p\u0113du. \u0160is parf\u012bms ir ide\u0101ls tiem, kas mekl\u0113 vieglu, svaigu un maigu arom\u0101tu, kas atspogu\u013co pirmo mirk\u013cu nevain\u012bbu un prieku, radot siltuma un svaiguma saj\u016btu, kas maigi saglab\u0101jas visu dienu.<\/p>\n","protected":false},"excerpt":{"rendered":"<p>Atg\u0101dina Ptisenbon no Tartine et Chocolat<\/p>\n","protected":false},"featured_media":3193,"comment_status":"open","ping_status":"closed","template":"","meta":[],"product_brand":[],"product_cat":[3454],"product_tag":[2331],"class_list":{"0":"post-11747","1":"product","2":"type-product","3":"status-publish","4":"has-post-thumbnail","6":"product_cat-tartine-et-chocolat","7":"product_tag-ninos-y-ninas","9":"first","10":"instock","11":"shipping-taxable","12":"product-type-simple"},"_links":{"self":[{"href":"https:\/\/divainers.com\/lv\/wp-json\/wp\/v2\/product\/11747","targetHints":{"allow":["GET"]}}],"collection":[{"href":"https:\/\/divainers.com\/lv\/wp-json\/wp\/v2\/product"}],"about":[{"href":"https:\/\/divainers.com\/lv\/wp-json\/wp\/v2\/types\/product"}],"replies":[{"embeddable":true,"href":"https:\/\/divainers.com\/lv\/wp-json\/wp\/v2\/comments?post=11747"}],"wp:featuredmedia":[{"embeddable":true,"href":"https:\/\/divainers.com\/lv\/wp-json\/wp\/v2\/media\/3193"}],"wp:attachment":[{"href":"https:\/\/divainers.com\/lv\/wp-json\/wp\/v2\/media?parent=11747"}],"wp:term":[{"taxonomy":"product_brand","embeddable":true,"href":"https:\/\/divainers.com\/lv\/wp-json\/wp\/v2\/product_brand?post=11747"},{"taxonomy":"product_cat","embeddable":true,"href":"https:\/\/divainers.com\/lv\/wp-json\/wp\/v2\/product_cat?post=11747"},{"taxonomy":"product_tag","embeddable":true,"href":"https:\/\/divainers.com\/lv\/wp-json\/wp\/v2\/product_tag?post=11747"}],"curies":[{"name":"wp","href":"https:\/\/api.w.org\/{rel}","templated":true}]}}