{"id":11791,"date":"2025-01-31T08:33:27","date_gmt":"2025-01-31T07:33:27","guid":{"rendered":"https:\/\/divainers.com\/producto\/divain-781\/"},"modified":"2026-04-30T10:53:30","modified_gmt":"2026-04-30T08:53:30","slug":"divain-781","status":"publish","type":"product","link":"https:\/\/divainers.com\/lv\/producto\/divain-781\/","title":{"rendered":"divain.781"},"content":{"rendered":"<p>\u0160\u012b unisex smar\u017ea s\u0101kas ar pikantu un citrus\u012bgu atkl\u0101jumu, kur koriandrs un \u0137imenes sapl\u016bst ar svaig\u0101m not\u012bm, radot siltuma un izsmalcin\u0101t\u012bbas saj\u016btu. Sird\u012b ciedrs un jasm\u012bns pie\u0161\u0137ir koksnes un ziedu eleganci, atsaucot pr\u0101t\u0101 tuksne\u0161a ainavu mieru. B\u0101ze ar pa\u010d\u016bliju, pel\u0113ko dzintaru un sve\u0137iem pievieno balz\u0101mu un zemes dzi\u013cumu, atspogu\u013cojot Magrebas dabisko bag\u0101t\u012bbu. \u0160\u012b kompoz\u012bcija, pied\u0101v\u0101ta grezn\u0101 smar\u017eu ekstrakta koncentr\u0101cij\u0101, sniedz unik\u0101lu sensoru pieredzi, kas iem\u016b\u017eina tuksne\u0161a b\u016bt\u012bbu.<\/p>\n","protected":false},"excerpt":{"rendered":"<p>Atg\u0101dina Au Coeur du D\u00e9sert no Tauer<\/p>\n","protected":false},"featured_media":11786,"comment_status":"open","ping_status":"closed","template":"","meta":[],"product_brand":[],"product_cat":[3476],"product_tag":[1393],"class_list":{"0":"post-11791","1":"product","2":"type-product","3":"status-publish","4":"has-post-thumbnail","6":"product_cat-tauer","7":"product_tag-unisex","9":"first","10":"instock","11":"shipping-taxable","12":"product-type-simple"},"_links":{"self":[{"href":"https:\/\/divainers.com\/lv\/wp-json\/wp\/v2\/product\/11791","targetHints":{"allow":["GET"]}}],"collection":[{"href":"https:\/\/divainers.com\/lv\/wp-json\/wp\/v2\/product"}],"about":[{"href":"https:\/\/divainers.com\/lv\/wp-json\/wp\/v2\/types\/product"}],"replies":[{"embeddable":true,"href":"https:\/\/divainers.com\/lv\/wp-json\/wp\/v2\/comments?post=11791"}],"wp:featuredmedia":[{"embeddable":true,"href":"https:\/\/divainers.com\/lv\/wp-json\/wp\/v2\/media\/11786"}],"wp:attachment":[{"href":"https:\/\/divainers.com\/lv\/wp-json\/wp\/v2\/media?parent=11791"}],"wp:term":[{"taxonomy":"product_brand","embeddable":true,"href":"https:\/\/divainers.com\/lv\/wp-json\/wp\/v2\/product_brand?post=11791"},{"taxonomy":"product_cat","embeddable":true,"href":"https:\/\/divainers.com\/lv\/wp-json\/wp\/v2\/product_cat?post=11791"},{"taxonomy":"product_tag","embeddable":true,"href":"https:\/\/divainers.com\/lv\/wp-json\/wp\/v2\/product_tag?post=11791"}],"curies":[{"name":"wp","href":"https:\/\/api.w.org\/{rel}","templated":true}]}}