{"id":1228,"date":"2025-01-31T08:33:43","date_gmt":"2025-01-31T07:33:43","guid":{"rendered":"https:\/\/divainers.com\/producto\/divain-602\/"},"modified":"2026-04-30T16:10:08","modified_gmt":"2026-04-30T14:10:08","slug":"divain-602","status":"publish","type":"product","link":"https:\/\/divainers.com\/lv\/producto\/divain-602\/","title":{"rendered":"divain.602"},"content":{"rendered":"<p>Odva\u017ean, sofisticiran i senzualan miris koji uravnote\u017euje \u017eenstvenost s duhom slobode i pobune. Od samog po\u010detka, svje\u017ea i iskri\u010dava mandarina te francuska lavanda stvaraju \u017eivahan i moderan kontrast. U srcu, cvijet naran\u010de i jasmin sambac otkrivaju svoju blistavu \u017eenstvenost, donose\u0107i zavodljivu cvjetnu toplinu. Na kraju, baza kremaste vanilije, sive amber i bijelog mo\u0161usa ostavlja obavijaju\u0107i, elegantan i ovisni\u010dki trag.<\/p>\n<p>Idealni parfem za one koji tra\u017ee cvjetno-amberni miris s karakterom, savr\u0161en za izra\u017eavanje samopouzdanja, slobode i sofisticiranosti u svakom trenutku.<\/p>\n","protected":false},"excerpt":{"rendered":"<p>Podsje\u0107a na Libre od Yves Saint Laurent<\/p>\n","protected":false},"featured_media":15577,"comment_status":"open","ping_status":"closed","template":"","meta":[],"product_brand":[],"product_cat":[2254],"product_tag":[1434],"class_list":{"0":"post-1228","1":"product","2":"type-product","3":"status-publish","4":"has-post-thumbnail","6":"product_cat-yves-saint-laurent","7":"product_tag-zene","9":"first","10":"instock","11":"shipping-taxable","12":"product-type-simple"},"_links":{"self":[{"href":"https:\/\/divainers.com\/lv\/wp-json\/wp\/v2\/product\/1228","targetHints":{"allow":["GET"]}}],"collection":[{"href":"https:\/\/divainers.com\/lv\/wp-json\/wp\/v2\/product"}],"about":[{"href":"https:\/\/divainers.com\/lv\/wp-json\/wp\/v2\/types\/product"}],"replies":[{"embeddable":true,"href":"https:\/\/divainers.com\/lv\/wp-json\/wp\/v2\/comments?post=1228"}],"wp:featuredmedia":[{"embeddable":true,"href":"https:\/\/divainers.com\/lv\/wp-json\/wp\/v2\/media\/15577"}],"wp:attachment":[{"href":"https:\/\/divainers.com\/lv\/wp-json\/wp\/v2\/media?parent=1228"}],"wp:term":[{"taxonomy":"product_brand","embeddable":true,"href":"https:\/\/divainers.com\/lv\/wp-json\/wp\/v2\/product_brand?post=1228"},{"taxonomy":"product_cat","embeddable":true,"href":"https:\/\/divainers.com\/lv\/wp-json\/wp\/v2\/product_cat?post=1228"},{"taxonomy":"product_tag","embeddable":true,"href":"https:\/\/divainers.com\/lv\/wp-json\/wp\/v2\/product_tag?post=1228"}],"curies":[{"name":"wp","href":"https:\/\/api.w.org\/{rel}","templated":true}]}}