{"id":1229,"date":"2025-01-31T08:33:43","date_gmt":"2025-01-31T07:33:43","guid":{"rendered":"https:\/\/divainers.com\/producto\/divain-678\/"},"modified":"2026-04-30T16:11:45","modified_gmt":"2026-04-30T14:11:45","slug":"divain-678","status":"publish","type":"product","link":"https:\/\/divainers.com\/lv\/producto\/divain-678\/","title":{"rendered":"divain.678"},"content":{"rendered":"<p>Elegantna i sofisticirana mirisna nota koja odra\u017eava hrabrost i tajanstvenost dobro krojenog smokinga. Od samog otvaranja, svje\u017ee i za\u010dinske note bergamota i korijandera mije\u0161aju se s suptilnim dodirom ljubi\u010dastog cvijeta, stvaraju\u0107i profinjen i svijetao po\u010detak. U srcu se razvija topla mje\u0161avina pa\u010dulija i ru\u017ee, donose\u0107i slo\u017eenu senzualnost koja podsje\u0107a na bar\u0161un i meko\u0107u odijela po mjeri. Baza, bogata ko\u017eom i jantarno drvenim notama, ostaje duboka i obavijaju\u0107a, ostavljaju\u0107i trag luksuza i sofisticiranosti. To je miris koji govori o samopouzdanju, suptilnoj zavodljivosti i snazi bezvremenog stila, idealan za no\u0107, posebne prilike ili one koji tra\u017ee jedinstvenu i nezaboravnu esenciju.<\/p>\n","protected":false},"excerpt":{"rendered":"<p>Podsje\u0107a na Tuxedo od Yves Saint Laurent<\/p>\n","protected":false},"featured_media":15647,"comment_status":"open","ping_status":"closed","template":"","meta":[],"product_brand":[],"product_cat":[2248],"product_tag":[1409],"class_list":{"0":"post-1229","1":"product","2":"type-product","3":"status-publish","4":"has-post-thumbnail","6":"product_cat-yves-saint-laurent","7":"product_tag-unisex","9":"first","10":"instock","11":"shipping-taxable","12":"product-type-simple"},"_links":{"self":[{"href":"https:\/\/divainers.com\/lv\/wp-json\/wp\/v2\/product\/1229","targetHints":{"allow":["GET"]}}],"collection":[{"href":"https:\/\/divainers.com\/lv\/wp-json\/wp\/v2\/product"}],"about":[{"href":"https:\/\/divainers.com\/lv\/wp-json\/wp\/v2\/types\/product"}],"replies":[{"embeddable":true,"href":"https:\/\/divainers.com\/lv\/wp-json\/wp\/v2\/comments?post=1229"}],"wp:featuredmedia":[{"embeddable":true,"href":"https:\/\/divainers.com\/lv\/wp-json\/wp\/v2\/media\/15647"}],"wp:attachment":[{"href":"https:\/\/divainers.com\/lv\/wp-json\/wp\/v2\/media?parent=1229"}],"wp:term":[{"taxonomy":"product_brand","embeddable":true,"href":"https:\/\/divainers.com\/lv\/wp-json\/wp\/v2\/product_brand?post=1229"},{"taxonomy":"product_cat","embeddable":true,"href":"https:\/\/divainers.com\/lv\/wp-json\/wp\/v2\/product_cat?post=1229"},{"taxonomy":"product_tag","embeddable":true,"href":"https:\/\/divainers.com\/lv\/wp-json\/wp\/v2\/product_tag?post=1229"}],"curies":[{"name":"wp","href":"https:\/\/api.w.org\/{rel}","templated":true}]}}