{"id":12332,"date":"2025-01-31T08:33:27","date_gmt":"2025-01-31T07:33:27","guid":{"rendered":"https:\/\/divainers.com\/producto\/divain-036\/"},"modified":"2026-04-30T10:56:44","modified_gmt":"2026-04-30T08:56:44","slug":"divain-036","status":"publish","type":"product","link":"https:\/\/divainers.com\/lv\/producto\/divain-036\/","title":{"rendered":"divain.036"},"content":{"rendered":"<p>Sp\u0113c\u012bga un avangardiska smar\u017ea, kas apvieno intensit\u0101ti un izsmalcin\u0101t\u012bbu neaizmirstam\u0101 kompoz\u012bcij\u0101. T\u0101s dz\u012bv\u012bg\u0101 atkl\u0101\u0161ana ar piparm\u0113tru un lavandu sniedz svaigumu, kam\u0113r atkar\u012bbu izraiso\u0161\u0101 kafijas un karame\u013cu sirds pie\u0161\u0137ir saldo un pikanto piesk\u0101rienu, radot siltu un ap\u0146emjo\u0161u saj\u016btu. Pamata not\u012bs pa\u010d\u016blija, muskusa un vani\u013cas akordi pastiprina t\u0101s dzi\u013co un magn\u0113tisko raksturu, atst\u0101jot intens\u012bvu un ilgsto\u0161u p\u0113du. Ide\u0101li piem\u0113rots drosm\u012bgam un harizm\u0101tiskam v\u012brietim, kur\u0161 mekl\u0113 unik\u0101lu smar\u017eu ar sp\u0113c\u012bgu person\u012bbu.<\/p>\n","protected":false},"excerpt":{"rendered":"<p>Atg\u0101dina A*Men no Thierry Mugler<\/p>\n","protected":false},"featured_media":12325,"comment_status":"open","ping_status":"closed","template":"","meta":[],"product_brand":[],"product_cat":[3748],"product_tag":[1368],"class_list":{"0":"post-12332","1":"product","2":"type-product","3":"status-publish","4":"has-post-thumbnail","6":"product_cat-thierry-mugler","7":"product_tag-viriesi","9":"first","10":"instock","11":"shipping-taxable","12":"product-type-simple"},"_links":{"self":[{"href":"https:\/\/divainers.com\/lv\/wp-json\/wp\/v2\/product\/12332","targetHints":{"allow":["GET"]}}],"collection":[{"href":"https:\/\/divainers.com\/lv\/wp-json\/wp\/v2\/product"}],"about":[{"href":"https:\/\/divainers.com\/lv\/wp-json\/wp\/v2\/types\/product"}],"replies":[{"embeddable":true,"href":"https:\/\/divainers.com\/lv\/wp-json\/wp\/v2\/comments?post=12332"}],"wp:featuredmedia":[{"embeddable":true,"href":"https:\/\/divainers.com\/lv\/wp-json\/wp\/v2\/media\/12325"}],"wp:attachment":[{"href":"https:\/\/divainers.com\/lv\/wp-json\/wp\/v2\/media?parent=12332"}],"wp:term":[{"taxonomy":"product_brand","embeddable":true,"href":"https:\/\/divainers.com\/lv\/wp-json\/wp\/v2\/product_brand?post=12332"},{"taxonomy":"product_cat","embeddable":true,"href":"https:\/\/divainers.com\/lv\/wp-json\/wp\/v2\/product_cat?post=12332"},{"taxonomy":"product_tag","embeddable":true,"href":"https:\/\/divainers.com\/lv\/wp-json\/wp\/v2\/product_tag?post=12332"}],"curies":[{"name":"wp","href":"https:\/\/api.w.org\/{rel}","templated":true}]}}