{"id":12874,"date":"2025-01-31T08:33:28","date_gmt":"2025-01-31T07:33:28","guid":{"rendered":"https:\/\/divainers.com\/producto\/divain-426\/"},"modified":"2026-04-30T10:59:39","modified_gmt":"2026-04-30T08:59:39","slug":"divain-426","status":"publish","type":"product","link":"https:\/\/divainers.com\/lv\/producto\/divain-426\/","title":{"rendered":"divain.426"},"content":{"rendered":"<p>Magn\u0113tiska un apv\u012bsto\u0161a smar\u017ea, kas mostas ma\u0146as ar savu bag\u0101t\u012bgo sul\u012bgo aug\u013cu un juteklisko koku sapl\u016b\u0161anu. No pirm\u0101 br\u012b\u017ea aug\u013caina eksplozija ar pasifloru, persiku un melnaj\u0101m j\u0101\u0146og\u0101m piepilda gaisu ar eksotisku un vilino\u0161u saldumu. Sird\u012b smalka ziedu nianse savijas ar dzintara to\u0146iem, pie\u0161\u0137irot dzi\u013cumu un nosl\u0113pumain\u012bbu. Visbeidzot, muskusa, pa\u010d\u016blijas un sandalkoka b\u0101ze rada kr\u0113m\u012bgu un atkar\u012bbu izraiso\u0161u p\u0113du, atst\u0101jot neaizmirstamu iespaidu. Hipnotiska un vilino\u0161a smar\u017ea, ide\u0101la tiem, kas mekl\u0113 intens\u012bvu, izsmalcin\u0101tu un person\u012bbu pilnu arom\u0101tu.<\/p>\n","protected":false},"excerpt":{"rendered":"<p>Atg\u0101dina Kirke no Tiziana Terenzi<\/p>\n","protected":false},"featured_media":12873,"comment_status":"open","ping_status":"closed","template":"","meta":[],"product_brand":[],"product_cat":[4019],"product_tag":[1393],"class_list":{"0":"post-12874","1":"product","2":"type-product","3":"status-publish","4":"has-post-thumbnail","6":"product_cat-tiziana-terenzi","7":"product_tag-unisex","9":"first","10":"instock","11":"shipping-taxable","12":"product-type-simple"},"_links":{"self":[{"href":"https:\/\/divainers.com\/lv\/wp-json\/wp\/v2\/product\/12874","targetHints":{"allow":["GET"]}}],"collection":[{"href":"https:\/\/divainers.com\/lv\/wp-json\/wp\/v2\/product"}],"about":[{"href":"https:\/\/divainers.com\/lv\/wp-json\/wp\/v2\/types\/product"}],"replies":[{"embeddable":true,"href":"https:\/\/divainers.com\/lv\/wp-json\/wp\/v2\/comments?post=12874"}],"wp:featuredmedia":[{"embeddable":true,"href":"https:\/\/divainers.com\/lv\/wp-json\/wp\/v2\/media\/12873"}],"wp:attachment":[{"href":"https:\/\/divainers.com\/lv\/wp-json\/wp\/v2\/media?parent=12874"}],"wp:term":[{"taxonomy":"product_brand","embeddable":true,"href":"https:\/\/divainers.com\/lv\/wp-json\/wp\/v2\/product_brand?post=12874"},{"taxonomy":"product_cat","embeddable":true,"href":"https:\/\/divainers.com\/lv\/wp-json\/wp\/v2\/product_cat?post=12874"},{"taxonomy":"product_tag","embeddable":true,"href":"https:\/\/divainers.com\/lv\/wp-json\/wp\/v2\/product_tag?post=12874"}],"curies":[{"name":"wp","href":"https:\/\/api.w.org\/{rel}","templated":true}]}}