{"id":13445,"date":"2025-01-31T08:33:35","date_gmt":"2025-01-31T07:33:35","guid":{"rendered":"https:\/\/divainers.com\/producto\/divain-092\/"},"modified":"2026-04-30T11:03:37","modified_gmt":"2026-04-30T09:03:37","slug":"divain-092","status":"publish","type":"product","link":"https:\/\/divainers.com\/lv\/producto\/divain-092\/","title":{"rendered":"divain.092"},"content":{"rendered":"<p>Svaigs un dz\u012bv\u012bgs arom\u0101ts, kas iem\u016b\u017eina jaun\u012bbas un br\u012bv\u012bbas b\u016bt\u012bbu. T\u0101 dzirksto\u0161\u0101 atkl\u0101\u0161ana ar \u0101bolu, upen\u0113m un mandar\u012bnu sniedz gai\u0161u un atsvaidzino\u0161u ener\u0123iju. Sird\u012b ro\u017eu, liliju un v\u012bte\u0146u kombin\u0101cija ietver arom\u0101tu maig\u0101 un dabisk\u0101 sievi\u0161\u0137\u012bb\u0101. B\u0101z\u0113 sandalkoks un ciedrs rada siltu un vieglu p\u0113das nospiedumu, kas ir ide\u0101li piem\u0113rots spont\u0101nai, optimistiskai un br\u012bv\u0101 gara sievietei, kura izbauda katru mirkli.<\/p>\n","protected":false},"excerpt":{"rendered":"<p>Atg\u0101dina Tommy Girl no Tommy Hilfiger<\/p>\n","protected":false},"featured_media":13437,"comment_status":"open","ping_status":"closed","template":"","meta":[],"product_brand":[],"product_cat":[4288],"product_tag":[1452],"class_list":{"0":"post-13445","1":"product","2":"type-product","3":"status-publish","4":"has-post-thumbnail","6":"product_cat-tommy-hilfiger","7":"product_tag-sievietes","9":"first","10":"instock","11":"shipping-taxable","12":"product-type-simple"},"_links":{"self":[{"href":"https:\/\/divainers.com\/lv\/wp-json\/wp\/v2\/product\/13445","targetHints":{"allow":["GET"]}}],"collection":[{"href":"https:\/\/divainers.com\/lv\/wp-json\/wp\/v2\/product"}],"about":[{"href":"https:\/\/divainers.com\/lv\/wp-json\/wp\/v2\/types\/product"}],"replies":[{"embeddable":true,"href":"https:\/\/divainers.com\/lv\/wp-json\/wp\/v2\/comments?post=13445"}],"wp:featuredmedia":[{"embeddable":true,"href":"https:\/\/divainers.com\/lv\/wp-json\/wp\/v2\/media\/13437"}],"wp:attachment":[{"href":"https:\/\/divainers.com\/lv\/wp-json\/wp\/v2\/media?parent=13445"}],"wp:term":[{"taxonomy":"product_brand","embeddable":true,"href":"https:\/\/divainers.com\/lv\/wp-json\/wp\/v2\/product_brand?post=13445"},{"taxonomy":"product_cat","embeddable":true,"href":"https:\/\/divainers.com\/lv\/wp-json\/wp\/v2\/product_cat?post=13445"},{"taxonomy":"product_tag","embeddable":true,"href":"https:\/\/divainers.com\/lv\/wp-json\/wp\/v2\/product_tag?post=13445"}],"curies":[{"name":"wp","href":"https:\/\/api.w.org\/{rel}","templated":true}]}}