{"id":13953,"date":"2025-01-31T08:33:35","date_gmt":"2025-01-31T07:33:35","guid":{"rendered":"https:\/\/divainers.com\/producto\/divain-061\/"},"modified":"2026-04-30T11:06:15","modified_gmt":"2026-04-30T09:06:15","slug":"divain-061","status":"publish","type":"product","link":"https:\/\/divainers.com\/lv\/producto\/divain-061\/","title":{"rendered":"divain.061"},"content":{"rendered":"<p>Maiga un eleganta smar\u017ea, kas katr\u0101 not\u012b izstaro svaigumu un smalkumu. T\u0101s gai\u0161ais s\u0101kums ar bergamoti un vijol\u012b\u0161u lap\u0101m pie\u0161\u0137ir citrusaug\u013cu un za\u013cu piesk\u0101rienu, kam\u0113r ziedu sirds no rozes, p\u012bonijas un jasm\u012bna ietver smar\u017eu ar sievi\u0161\u0137\u012bbu un izsmalcin\u0101t\u012bbu. Pamatos baltais muskuss un ciedrs rada siltu un apv\u012bto\u0161u arom\u0101ta p\u0113du, kas ide\u0101li piem\u0113rota smalkai, elegantai sievietei ar dabisku \u0161armu.<\/p>\n","protected":false},"excerpt":{"rendered":"<p>Atg\u0101dina Tous no Tous<\/p>\n","protected":false},"featured_media":13950,"comment_status":"open","ping_status":"closed","template":"","meta":[],"product_brand":[],"product_cat":[4533],"product_tag":[1452],"class_list":{"0":"post-13953","1":"product","2":"type-product","3":"status-publish","4":"has-post-thumbnail","6":"product_cat-tous","7":"product_tag-sievietes","9":"first","10":"instock","11":"shipping-taxable","12":"product-type-simple"},"_links":{"self":[{"href":"https:\/\/divainers.com\/lv\/wp-json\/wp\/v2\/product\/13953","targetHints":{"allow":["GET"]}}],"collection":[{"href":"https:\/\/divainers.com\/lv\/wp-json\/wp\/v2\/product"}],"about":[{"href":"https:\/\/divainers.com\/lv\/wp-json\/wp\/v2\/types\/product"}],"replies":[{"embeddable":true,"href":"https:\/\/divainers.com\/lv\/wp-json\/wp\/v2\/comments?post=13953"}],"wp:featuredmedia":[{"embeddable":true,"href":"https:\/\/divainers.com\/lv\/wp-json\/wp\/v2\/media\/13950"}],"wp:attachment":[{"href":"https:\/\/divainers.com\/lv\/wp-json\/wp\/v2\/media?parent=13953"}],"wp:term":[{"taxonomy":"product_brand","embeddable":true,"href":"https:\/\/divainers.com\/lv\/wp-json\/wp\/v2\/product_brand?post=13953"},{"taxonomy":"product_cat","embeddable":true,"href":"https:\/\/divainers.com\/lv\/wp-json\/wp\/v2\/product_cat?post=13953"},{"taxonomy":"product_tag","embeddable":true,"href":"https:\/\/divainers.com\/lv\/wp-json\/wp\/v2\/product_tag?post=13953"}],"curies":[{"name":"wp","href":"https:\/\/api.w.org\/{rel}","templated":true}]}}