{"id":381,"date":"2025-01-31T08:31:56","date_gmt":"2025-01-31T07:31:56","guid":{"rendered":"https:\/\/divainers.com\/producto\/divain-425\/"},"modified":"2026-04-30T16:21:22","modified_gmt":"2026-04-30T14:21:22","slug":"divain-425","status":"publish","type":"product","link":"https:\/\/divainers.com\/lv\/producto\/divain-425\/","title":{"rendered":"divain.425"},"content":{"rendered":"<p>Sofistikovan\u00fd a omamn\u00fd vonn\u00fd koktejl, kter\u00fd spojuje sv\u011b\u017eest ledu s teplem zlat\u00e9ho lik\u00e9ru. \u017div\u00fd \u00favod p\u0159ekvap\u00ed ovocn\u00fdmi a ko\u0159en\u011bn\u00fdmi t\u00f3ny, kde karamelizovan\u00e9 jablko se m\u00eds\u00ed s ledov\u00fdm akordem a vytv\u00e1\u0159\u00ed tak n\u00e1vykov\u00fd kontrast. V srdci se vanilka a u\u0161lechtil\u00e9 d\u0159eviny prol\u00ednaj\u00ed s n\u00e1dechy rumu a kardamomu, dod\u00e1vaj\u00edc\u00ed hloubku a charakter. Nakonec jantarov\u00e9 a pi\u017emov\u00e9 z\u00e1klady zanech\u00e1vaj\u00ed obklopuj\u00edc\u00ed a sv\u016fdnou stopu, ide\u00e1ln\u00ed pro ty, kdo hledaj\u00ed intenzivn\u00ed, luxusn\u00ed v\u016fni s neodolateln\u00fdm no\u010dn\u00edm n\u00e1dechem.<\/p>\n","protected":false},"excerpt":{"rendered":"<p>P\u0159ipom\u00edn\u00e1 Apple brandy on the rocks od by Kilian<\/p>\n","protected":false},"featured_media":15946,"comment_status":"open","ping_status":"closed","template":"","meta":[],"product_brand":[],"product_cat":[1960],"product_tag":[1407],"class_list":{"0":"post-381","1":"product","2":"type-product","3":"status-publish","4":"has-post-thumbnail","6":"product_cat-by-kilian","7":"product_tag-unisex","9":"first","10":"instock","11":"shipping-taxable","12":"product-type-simple"},"_links":{"self":[{"href":"https:\/\/divainers.com\/lv\/wp-json\/wp\/v2\/product\/381","targetHints":{"allow":["GET"]}}],"collection":[{"href":"https:\/\/divainers.com\/lv\/wp-json\/wp\/v2\/product"}],"about":[{"href":"https:\/\/divainers.com\/lv\/wp-json\/wp\/v2\/types\/product"}],"replies":[{"embeddable":true,"href":"https:\/\/divainers.com\/lv\/wp-json\/wp\/v2\/comments?post=381"}],"wp:featuredmedia":[{"embeddable":true,"href":"https:\/\/divainers.com\/lv\/wp-json\/wp\/v2\/media\/15946"}],"wp:attachment":[{"href":"https:\/\/divainers.com\/lv\/wp-json\/wp\/v2\/media?parent=381"}],"wp:term":[{"taxonomy":"product_brand","embeddable":true,"href":"https:\/\/divainers.com\/lv\/wp-json\/wp\/v2\/product_brand?post=381"},{"taxonomy":"product_cat","embeddable":true,"href":"https:\/\/divainers.com\/lv\/wp-json\/wp\/v2\/product_cat?post=381"},{"taxonomy":"product_tag","embeddable":true,"href":"https:\/\/divainers.com\/lv\/wp-json\/wp\/v2\/product_tag?post=381"}],"curies":[{"name":"wp","href":"https:\/\/api.w.org\/{rel}","templated":true}]}}