{"id":678,"date":"2025-01-31T08:32:32","date_gmt":"2025-01-31T07:32:32","guid":{"rendered":"https:\/\/divainers.com\/producto\/divain-665\/"},"modified":"2026-03-16T16:07:41","modified_gmt":"2026-03-16T15:07:41","slug":"divain-665","status":"publish","type":"product","link":"https:\/\/divainers.com\/lv\/producto\/divain-665\/","title":{"rendered":"divain.665"},"content":{"rendered":"<p>Una fragancia rica y opulenta que envuelve los sentidos con su intensidad c\u00e1lida y aterciopelada. Abre con una mezcla intrigante de notas ambarinas y florales, que se entrelazan con un toque de frutas ex\u00f3ticas, creando una sensaci\u00f3n inicial de misterio y lujo. El coraz\u00f3n se despliega con el caracter\u00edstico acorde de oud, profundo y ahumado, combinado con especias orientales que le otorgan una sensualidad cautivadora. En su base, las notas de cuero y s\u00e1ndalo aportan una suavidad aterciopelada y una estela duradera, que hace que esta fragancia sea perfecta para quienes buscan una experiencia olfativa rica, sofisticada y con una fuerte presencia. Ideal para ocasiones especiales o para aquellos que deseen destacar con una fragancia \u00fanica y cautivadora.<\/p>\n","protected":false},"excerpt":{"rendered":"<p>Recuerda a Gucci Oud de Gucci<\/p>\n","protected":false},"featured_media":3100,"comment_status":"open","ping_status":"closed","template":"","meta":[],"product_brand":[],"product_cat":[426],"product_tag":[29],"class_list":{"0":"post-678","1":"product","2":"type-product","3":"status-publish","4":"has-post-thumbnail","6":"product_cat-gucci","7":"product_tag-unisex","9":"first","10":"instock","11":"shipping-taxable","12":"product-type-simple"},"_links":{"self":[{"href":"https:\/\/divainers.com\/lv\/wp-json\/wp\/v2\/product\/678","targetHints":{"allow":["GET"]}}],"collection":[{"href":"https:\/\/divainers.com\/lv\/wp-json\/wp\/v2\/product"}],"about":[{"href":"https:\/\/divainers.com\/lv\/wp-json\/wp\/v2\/types\/product"}],"replies":[{"embeddable":true,"href":"https:\/\/divainers.com\/lv\/wp-json\/wp\/v2\/comments?post=678"}],"wp:featuredmedia":[{"embeddable":true,"href":"https:\/\/divainers.com\/lv\/wp-json\/wp\/v2\/media\/3100"}],"wp:attachment":[{"href":"https:\/\/divainers.com\/lv\/wp-json\/wp\/v2\/media?parent=678"}],"wp:term":[{"taxonomy":"product_brand","embeddable":true,"href":"https:\/\/divainers.com\/lv\/wp-json\/wp\/v2\/product_brand?post=678"},{"taxonomy":"product_cat","embeddable":true,"href":"https:\/\/divainers.com\/lv\/wp-json\/wp\/v2\/product_cat?post=678"},{"taxonomy":"product_tag","embeddable":true,"href":"https:\/\/divainers.com\/lv\/wp-json\/wp\/v2\/product_tag?post=678"}],"curies":[{"name":"wp","href":"https:\/\/api.w.org\/{rel}","templated":true}]}}