{"id":6999,"date":"2025-01-31T08:31:48","date_gmt":"2025-01-31T07:31:48","guid":{"rendered":"https:\/\/divainers.com\/producto\/divain-205\/"},"modified":"2026-03-26T14:15:49","modified_gmt":"2026-03-26T13:15:49","slug":"divain-205","status":"publish","type":"product","link":"https:\/\/divainers.com\/lv\/producto\/divain-205\/","title":{"rendered":"divain.205"},"content":{"rendered":"<p><span data-sheets-root=\"1\">Dinamisks un magn\u0113tisks arom\u0101ts, kas izstaro p\u0101rliec\u012bbu un jaun\u012bbu ar katru noti. T\u0101s svaigais un stimul\u0113jo\u0161ais atv\u0113rums sajauc citronu, apels\u012bnu un kardamonu, radot citrusaug\u013cu spr\u0101dzienu, kas pilns ar ener\u0123iju. Sird\u012b lavanda un rozmar\u012bns pie\u0161\u0137ir t\u012bru un v\u012bri\u0161\u0137\u012bgu arom\u0101tisku piesk\u0101rienu, savuk\u0101rt muskusa, vetivera un ozola s\u016bnu koksnes pamatne pie\u0161\u0137ir dzi\u013cumu un jutekliskumu. Ide\u0101li piem\u0113rots tiem, kas mekl\u0113 svaigu, drosm\u012bgu un vilino\u0161u arom\u0101tu, ide\u0101li piem\u0113rots ikdienas lieto\u0161anai vai neaizmirstama iespaida atst\u0101\u0161anai.   <\/span><\/p>\n","protected":false},"excerpt":{"rendered":"<p>Atcerieties Fierce no Abercrombie &amp; Fitch<\/p>\n","protected":false},"featured_media":3374,"comment_status":"open","ping_status":"closed","template":"","meta":[],"product_brand":[],"product_cat":[1324],"product_tag":[1349],"class_list":{"0":"post-6999","1":"product","2":"type-product","3":"status-publish","4":"has-post-thumbnail","6":"product_cat-abercrombie-fitch","7":"product_tag-uomo","9":"first","10":"instock","11":"shipping-taxable","12":"product-type-simple"},"_links":{"self":[{"href":"https:\/\/divainers.com\/lv\/wp-json\/wp\/v2\/product\/6999","targetHints":{"allow":["GET"]}}],"collection":[{"href":"https:\/\/divainers.com\/lv\/wp-json\/wp\/v2\/product"}],"about":[{"href":"https:\/\/divainers.com\/lv\/wp-json\/wp\/v2\/types\/product"}],"replies":[{"embeddable":true,"href":"https:\/\/divainers.com\/lv\/wp-json\/wp\/v2\/comments?post=6999"}],"wp:featuredmedia":[{"embeddable":true,"href":"https:\/\/divainers.com\/lv\/wp-json\/wp\/v2\/media\/3374"}],"wp:attachment":[{"href":"https:\/\/divainers.com\/lv\/wp-json\/wp\/v2\/media?parent=6999"}],"wp:term":[{"taxonomy":"product_brand","embeddable":true,"href":"https:\/\/divainers.com\/lv\/wp-json\/wp\/v2\/product_brand?post=6999"},{"taxonomy":"product_cat","embeddable":true,"href":"https:\/\/divainers.com\/lv\/wp-json\/wp\/v2\/product_cat?post=6999"},{"taxonomy":"product_tag","embeddable":true,"href":"https:\/\/divainers.com\/lv\/wp-json\/wp\/v2\/product_tag?post=6999"}],"curies":[{"name":"wp","href":"https:\/\/api.w.org\/{rel}","templated":true}]}}