{"id":7035,"date":"2025-01-31T08:31:48","date_gmt":"2025-01-31T07:31:48","guid":{"rendered":"https:\/\/divainers.com\/producto\/divain-320\/"},"modified":"2026-04-30T09:43:04","modified_gmt":"2026-04-30T07:43:04","slug":"divain-320","status":"publish","type":"product","link":"https:\/\/divainers.com\/lv\/producto\/divain-320\/","title":{"rendered":"divain.320"},"content":{"rendered":"<p>Dz\u012bv\u012bga un v\u012bri\u0161\u0137\u012bga smar\u017ea ar svaigu un aug\u013cainu atkl\u0101smu, pateicoties bergamotai un za\u013cajai \u0101bolam, apvienojum\u0101 ar pikantu kardamona piesk\u0101rienu. Sird\u012b arom\u0101tisk\u0101s lavandas un rozmar\u012bna notis pie\u0161\u0137ir t\u012bru un m\u016bsdien\u012bgu raksturu, kam\u0113r b\u0101ze k\u013c\u016bst silt\u0101ka un ap\u0146emjo\u0161\u0101ka ar dzintaru, tonkas pupi\u0146\u0101m un dzi\u013c\u0101m koka not\u012bm, radot l\u012bdzsvarotu arom\u0101tu starp svaigumu un jutekliskumu, ide\u0101li piem\u0113rots ikdienai.<\/p>\n","protected":false},"excerpt":{"rendered":"<p>Atg\u0101dina First Instinct Blue no Abercrombie &#038; Fitch<\/p>\n","protected":false},"featured_media":7038,"comment_status":"open","ping_status":"closed","template":"","meta":[],"product_brand":[],"product_cat":[1324],"product_tag":[1368],"class_list":{"0":"post-7035","1":"product","2":"type-product","3":"status-publish","4":"has-post-thumbnail","6":"product_cat-abercrombie-fitch","7":"product_tag-viriesi","9":"first","10":"instock","11":"shipping-taxable","12":"product-type-simple"},"_links":{"self":[{"href":"https:\/\/divainers.com\/lv\/wp-json\/wp\/v2\/product\/7035","targetHints":{"allow":["GET"]}}],"collection":[{"href":"https:\/\/divainers.com\/lv\/wp-json\/wp\/v2\/product"}],"about":[{"href":"https:\/\/divainers.com\/lv\/wp-json\/wp\/v2\/types\/product"}],"replies":[{"embeddable":true,"href":"https:\/\/divainers.com\/lv\/wp-json\/wp\/v2\/comments?post=7035"}],"wp:featuredmedia":[{"embeddable":true,"href":"https:\/\/divainers.com\/lv\/wp-json\/wp\/v2\/media\/7038"}],"wp:attachment":[{"href":"https:\/\/divainers.com\/lv\/wp-json\/wp\/v2\/media?parent=7035"}],"wp:term":[{"taxonomy":"product_brand","embeddable":true,"href":"https:\/\/divainers.com\/lv\/wp-json\/wp\/v2\/product_brand?post=7035"},{"taxonomy":"product_cat","embeddable":true,"href":"https:\/\/divainers.com\/lv\/wp-json\/wp\/v2\/product_cat?post=7035"},{"taxonomy":"product_tag","embeddable":true,"href":"https:\/\/divainers.com\/lv\/wp-json\/wp\/v2\/product_tag?post=7035"}],"curies":[{"name":"wp","href":"https:\/\/api.w.org\/{rel}","templated":true}]}}