{"id":7162,"date":"2025-01-31T08:31:49","date_gmt":"2025-01-31T07:31:49","guid":{"rendered":"https:\/\/divainers.com\/producto\/divain-443\/"},"modified":"2026-04-30T09:43:44","modified_gmt":"2026-04-30T07:43:44","slug":"divain-443","status":"publish","type":"product","link":"https:\/\/divainers.com\/lv\/producto\/divain-443\/","title":{"rendered":"divain.443"},"content":{"rendered":"<p>Svaiga un gai\u0161a smar\u017ea, kas aizved uz Vidusj\u016bras v\u0113ju, kur saule gl\u0101sta \u0101du un j\u016bra \u010dukst pie horizonta. No pirm\u0101s mirk\u013ca mirtes dz\u012bv\u012bgums un it\u0101\u013cu citrusaug\u013cu dzirksto\u0161\u0101 svaiguma ener\u0123ija mostas saj\u016bt\u0101s. Sird\u012b priede un ziedu notis pie\u0161\u0137ir arom\u0101tisku un izsmalcin\u0101tu piesk\u0101rienu, atmodinot dabu t\u0101s piln\u012bg\u0101kaj\u0101 izpausm\u0113. Visbeidzot, dzintara un muskusa b\u0101ze atst\u0101j maigu, apvijo\u0161u un elegantu p\u0113du. Atjaunojo\u0161a un izsmalcin\u0101ta smar\u017ea, ide\u0101li piem\u0113rota tiem, kas mekl\u0113 svaigumu, mieru un Vidusj\u016bras noska\u0146u.<\/p>\n","protected":false},"excerpt":{"rendered":"<p>Atg\u0101dina Blue Mediterraneo Mirto di Panarea no Acqua Di Parma<\/p>\n","protected":false},"featured_media":7165,"comment_status":"open","ping_status":"closed","template":"","meta":[],"product_brand":[],"product_cat":[1381],"product_tag":[1383],"class_list":{"0":"post-7162","1":"product","2":"type-product","3":"status-publish","4":"has-post-thumbnail","6":"product_cat-acqua-di-parma","7":"product_tag-unisex","9":"first","10":"instock","11":"shipping-taxable","12":"product-type-simple"},"_links":{"self":[{"href":"https:\/\/divainers.com\/lv\/wp-json\/wp\/v2\/product\/7162","targetHints":{"allow":["GET"]}}],"collection":[{"href":"https:\/\/divainers.com\/lv\/wp-json\/wp\/v2\/product"}],"about":[{"href":"https:\/\/divainers.com\/lv\/wp-json\/wp\/v2\/types\/product"}],"replies":[{"embeddable":true,"href":"https:\/\/divainers.com\/lv\/wp-json\/wp\/v2\/comments?post=7162"}],"wp:featuredmedia":[{"embeddable":true,"href":"https:\/\/divainers.com\/lv\/wp-json\/wp\/v2\/media\/7165"}],"wp:attachment":[{"href":"https:\/\/divainers.com\/lv\/wp-json\/wp\/v2\/media?parent=7162"}],"wp:term":[{"taxonomy":"product_brand","embeddable":true,"href":"https:\/\/divainers.com\/lv\/wp-json\/wp\/v2\/product_brand?post=7162"},{"taxonomy":"product_cat","embeddable":true,"href":"https:\/\/divainers.com\/lv\/wp-json\/wp\/v2\/product_cat?post=7162"},{"taxonomy":"product_tag","embeddable":true,"href":"https:\/\/divainers.com\/lv\/wp-json\/wp\/v2\/product_tag?post=7162"}],"curies":[{"name":"wp","href":"https:\/\/api.w.org\/{rel}","templated":true}]}}