{"id":7182,"date":"2025-01-31T08:31:49","date_gmt":"2025-01-31T07:31:49","guid":{"rendered":"https:\/\/divainers.com\/producto\/divain-318\/"},"modified":"2026-04-30T09:43:50","modified_gmt":"2026-04-30T07:43:50","slug":"divain-318","status":"publish","type":"product","link":"https:\/\/divainers.com\/lv\/producto\/divain-318\/","title":{"rendered":"divain.318"},"content":{"rendered":"<p>Intens\u012bva un izsmalcin\u0101ta smar\u017ea, kas apvieno oud dzi\u013cumu ar It\u0101lijas citrusaug\u013cu eleganci. T\u0101s svaig\u0101 un gai\u0161\u0101 atkl\u0101\u0161ana ved uz pikantu, koksnainu sirdi, kur oud savijas ar balz\u0101ma un silt\u0101m not\u012bm. B\u0101ze ir bag\u0101ta un aptvero\u0161a, ar \u0101das un sve\u0137u piesk\u0101rieniem, kas rada izsmalcin\u0101tas grezn\u012bbas saj\u016btu. Ide\u0101li piem\u0113rota tiem, kas mekl\u0113 izteiksm\u012bgu arom\u0101tu ar raksturu un izsmalcin\u0101t\u012bbu.<\/p>\n","protected":false},"excerpt":{"rendered":"<p>Atg\u0101dina Oud Eau de Cologne Concentr\u00e9e de Acqua di Parma<\/p>\n","protected":false},"featured_media":7184,"comment_status":"open","ping_status":"closed","template":"","meta":[],"product_brand":[],"product_cat":[1392],"product_tag":[1368],"class_list":{"0":"post-7182","1":"product","2":"type-product","3":"status-publish","4":"has-post-thumbnail","6":"product_cat-acqua-di-parma","7":"product_tag-viriesi","9":"first","10":"instock","11":"shipping-taxable","12":"product-type-simple"},"_links":{"self":[{"href":"https:\/\/divainers.com\/lv\/wp-json\/wp\/v2\/product\/7182","targetHints":{"allow":["GET"]}}],"collection":[{"href":"https:\/\/divainers.com\/lv\/wp-json\/wp\/v2\/product"}],"about":[{"href":"https:\/\/divainers.com\/lv\/wp-json\/wp\/v2\/types\/product"}],"replies":[{"embeddable":true,"href":"https:\/\/divainers.com\/lv\/wp-json\/wp\/v2\/comments?post=7182"}],"wp:featuredmedia":[{"embeddable":true,"href":"https:\/\/divainers.com\/lv\/wp-json\/wp\/v2\/media\/7184"}],"wp:attachment":[{"href":"https:\/\/divainers.com\/lv\/wp-json\/wp\/v2\/media?parent=7182"}],"wp:term":[{"taxonomy":"product_brand","embeddable":true,"href":"https:\/\/divainers.com\/lv\/wp-json\/wp\/v2\/product_brand?post=7182"},{"taxonomy":"product_cat","embeddable":true,"href":"https:\/\/divainers.com\/lv\/wp-json\/wp\/v2\/product_cat?post=7182"},{"taxonomy":"product_tag","embeddable":true,"href":"https:\/\/divainers.com\/lv\/wp-json\/wp\/v2\/product_tag?post=7182"}],"curies":[{"name":"wp","href":"https:\/\/api.w.org\/{rel}","templated":true}]}}