{"id":7190,"date":"2025-01-31T08:31:49","date_gmt":"2025-01-31T07:31:49","guid":{"rendered":"https:\/\/divainers.com\/producto\/divain-281\/"},"modified":"2026-04-30T09:43:52","modified_gmt":"2026-04-30T07:43:52","slug":"divain-281","status":"publish","type":"product","link":"https:\/\/divainers.com\/lv\/producto\/divain-281\/","title":{"rendered":"divain.281"},"content":{"rendered":"<p>T\u0101 ir dzi\u013ca un izsmalcin\u0101ta smar\u017ea, kas izce\u013cas ar intens\u012bvu oud kl\u0101tb\u016btni \u2013 d\u0101rgu sve\u0137i, kas paz\u012bstama ar savu sildo\u0161o, zemes un koksnes arom\u0101tu. Smar\u017ea atveras ar svaig\u0101m un pikant\u0101m not\u012bm, ko papildina ouda sp\u0113c\u012bgais raksturs, kas sird\u012b sapl\u016bst ar ro\u017eu un safr\u0101na zieda piesk\u0101rienu. B\u0101z\u0113 ir \u0101das, ciedra koka un pi\u017ema notis, kas nodro\u0161ina siltu un apvijo\u0161u pamatu. \u0160is parf\u012bms iemieso grezn\u012bbu, eleganci un ekskluzivit\u0101ti, ide\u0101li piem\u0113rots \u012bpa\u0161iem gad\u012bjumiem un tiem, kas mekl\u0113 izteiksm\u012bgu un ilgsto\u0161u arom\u0101tu.<\/p>\n","protected":false},"excerpt":{"rendered":"<p>Atg\u0101dina Oud no Acqua di Parma<\/p>\n","protected":false},"featured_media":7192,"comment_status":"open","ping_status":"closed","template":"","meta":[],"product_brand":[],"product_cat":[1385],"product_tag":[1372],"class_list":{"0":"post-7190","1":"product","2":"type-product","3":"status-publish","4":"has-post-thumbnail","6":"product_cat-acqua-di-parma","7":"product_tag-ferfiak","9":"first","10":"instock","11":"shipping-taxable","12":"product-type-simple"},"_links":{"self":[{"href":"https:\/\/divainers.com\/lv\/wp-json\/wp\/v2\/product\/7190","targetHints":{"allow":["GET"]}}],"collection":[{"href":"https:\/\/divainers.com\/lv\/wp-json\/wp\/v2\/product"}],"about":[{"href":"https:\/\/divainers.com\/lv\/wp-json\/wp\/v2\/types\/product"}],"replies":[{"embeddable":true,"href":"https:\/\/divainers.com\/lv\/wp-json\/wp\/v2\/comments?post=7190"}],"wp:featuredmedia":[{"embeddable":true,"href":"https:\/\/divainers.com\/lv\/wp-json\/wp\/v2\/media\/7192"}],"wp:attachment":[{"href":"https:\/\/divainers.com\/lv\/wp-json\/wp\/v2\/media?parent=7190"}],"wp:term":[{"taxonomy":"product_brand","embeddable":true,"href":"https:\/\/divainers.com\/lv\/wp-json\/wp\/v2\/product_brand?post=7190"},{"taxonomy":"product_cat","embeddable":true,"href":"https:\/\/divainers.com\/lv\/wp-json\/wp\/v2\/product_cat?post=7190"},{"taxonomy":"product_tag","embeddable":true,"href":"https:\/\/divainers.com\/lv\/wp-json\/wp\/v2\/product_tag?post=7190"}],"curies":[{"name":"wp","href":"https:\/\/api.w.org\/{rel}","templated":true}]}}