{"id":7347,"date":"2025-01-31T08:31:50","date_gmt":"2025-01-31T07:31:50","guid":{"rendered":"https:\/\/divainers.com\/producto\/divain-086\/"},"modified":"2026-04-30T09:44:46","modified_gmt":"2026-04-30T07:44:46","slug":"divain-086","status":"publish","type":"product","link":"https:\/\/divainers.com\/lv\/producto\/divain-086\/","title":{"rendered":"divain.086"},"content":{"rendered":"<p>Delik\u0101ta un m\u016b\u017e\u012bga smar\u017ea, kas iem\u016b\u017eina ro\u017eu svaigumu un dabisko eleganci t\u0101s visaugst\u0101kaj\u0101 izpausm\u0113. Gai\u0161\u0101 atkl\u0101\u0161ana ar citrusaug\u013ciem un za\u013c\u0101m lap\u0101m sniedz atsvaidzino\u0161u un vieglu saj\u016btu. Sird\u012b Bulg\u0101rijas roze un maijpu\u0137\u012bte ietver smar\u017eu t\u012br\u0101 un izsmalcin\u0101t\u0101 sievi\u0161\u0137\u012bb\u0101. Pamatos pi\u017ema un sandalkoks rada maigu un ap\u0146emjo\u0161u p\u0113du, kas ide\u0101li piem\u0113rota romantiskai, mier\u012bgai sievietei ar dabiska \u0161arma, kas atst\u0101j palieko\u0161u iespaidu.<\/p>\n","protected":false},"excerpt":{"rendered":"<p>Atg\u0101dina Agua fresca de rosas de Adolfo Dominguez<\/p>\n","protected":false},"featured_media":7349,"comment_status":"open","ping_status":"closed","template":"","meta":[],"product_brand":[],"product_cat":[1451],"product_tag":[1452],"class_list":{"0":"post-7347","1":"product","2":"type-product","3":"status-publish","4":"has-post-thumbnail","6":"product_cat-adolfo-dominguez","7":"product_tag-sievietes","9":"first","10":"instock","11":"shipping-taxable","12":"product-type-simple"},"_links":{"self":[{"href":"https:\/\/divainers.com\/lv\/wp-json\/wp\/v2\/product\/7347","targetHints":{"allow":["GET"]}}],"collection":[{"href":"https:\/\/divainers.com\/lv\/wp-json\/wp\/v2\/product"}],"about":[{"href":"https:\/\/divainers.com\/lv\/wp-json\/wp\/v2\/types\/product"}],"replies":[{"embeddable":true,"href":"https:\/\/divainers.com\/lv\/wp-json\/wp\/v2\/comments?post=7347"}],"wp:featuredmedia":[{"embeddable":true,"href":"https:\/\/divainers.com\/lv\/wp-json\/wp\/v2\/media\/7349"}],"wp:attachment":[{"href":"https:\/\/divainers.com\/lv\/wp-json\/wp\/v2\/media?parent=7347"}],"wp:term":[{"taxonomy":"product_brand","embeddable":true,"href":"https:\/\/divainers.com\/lv\/wp-json\/wp\/v2\/product_brand?post=7347"},{"taxonomy":"product_cat","embeddable":true,"href":"https:\/\/divainers.com\/lv\/wp-json\/wp\/v2\/product_cat?post=7347"},{"taxonomy":"product_tag","embeddable":true,"href":"https:\/\/divainers.com\/lv\/wp-json\/wp\/v2\/product_tag?post=7347"}],"curies":[{"name":"wp","href":"https:\/\/api.w.org\/{rel}","templated":true}]}}