{"id":736,"date":"2025-01-31T08:32:39","date_gmt":"2025-01-31T07:32:39","guid":{"rendered":"https:\/\/divainers.com\/producto\/divain-028\/"},"modified":"2026-04-30T15:52:36","modified_gmt":"2026-04-30T13:52:36","slug":"divain-028","status":"publish","type":"product","link":"https:\/\/divainers.com\/lv\/producto\/divain-028\/","title":{"rendered":"divain.028"},"content":{"rendered":"<p>Ikoni\u010dan i zavodljiv miris koji spaja svje\u017einu i toplinu u prepoznatljivu mje\u0161avinu. Vibrantni po\u010detak mente i lavande donosi aromati\u010dan i osvje\u017eavaju\u0107i dodir, dok srce od cimeta i cvijeta naran\u010de dodaje za\u010dinski i senzualni ton. U bazi, vanilija, sandalovina i jantar stvaraju obavijaju\u0107i i magnetski trag, savr\u0161en za karizmati\u010dnog i hrabrog mu\u0161karca koji ostavlja dojam pri svakom koraku.<\/p>\n","protected":false},"excerpt":{"rendered":"<p>Podsje\u0107a na Le Male od Jean Paul Gaultier<\/p>\n","protected":false},"featured_media":15060,"comment_status":"open","ping_status":"closed","template":"","meta":[],"product_brand":[],"product_cat":[1309],"product_tag":[25],"class_list":{"0":"post-736","1":"product","2":"type-product","3":"status-publish","4":"has-post-thumbnail","6":"product_cat-jean-paul-gaultier","7":"product_tag-hombre","9":"first","10":"instock","11":"shipping-taxable","12":"product-type-simple"},"_links":{"self":[{"href":"https:\/\/divainers.com\/lv\/wp-json\/wp\/v2\/product\/736","targetHints":{"allow":["GET"]}}],"collection":[{"href":"https:\/\/divainers.com\/lv\/wp-json\/wp\/v2\/product"}],"about":[{"href":"https:\/\/divainers.com\/lv\/wp-json\/wp\/v2\/types\/product"}],"replies":[{"embeddable":true,"href":"https:\/\/divainers.com\/lv\/wp-json\/wp\/v2\/comments?post=736"}],"wp:featuredmedia":[{"embeddable":true,"href":"https:\/\/divainers.com\/lv\/wp-json\/wp\/v2\/media\/15060"}],"wp:attachment":[{"href":"https:\/\/divainers.com\/lv\/wp-json\/wp\/v2\/media?parent=736"}],"wp:term":[{"taxonomy":"product_brand","embeddable":true,"href":"https:\/\/divainers.com\/lv\/wp-json\/wp\/v2\/product_brand?post=736"},{"taxonomy":"product_cat","embeddable":true,"href":"https:\/\/divainers.com\/lv\/wp-json\/wp\/v2\/product_cat?post=736"},{"taxonomy":"product_tag","embeddable":true,"href":"https:\/\/divainers.com\/lv\/wp-json\/wp\/v2\/product_tag?post=736"}],"curies":[{"name":"wp","href":"https:\/\/api.w.org\/{rel}","templated":true}]}}