{"id":7363,"date":"2025-01-31T08:31:50","date_gmt":"2025-01-31T07:31:50","guid":{"rendered":"https:\/\/divainers.com\/producto\/divain-049\/"},"modified":"2026-04-30T09:44:52","modified_gmt":"2026-04-30T07:44:52","slug":"divain-049","status":"publish","type":"product","link":"https:\/\/divainers.com\/lv\/producto\/divain-049\/","title":{"rendered":"divain.049"},"content":{"rendered":"<p>Svaiga un dabiska smar\u017ea, kas atg\u0101dina dabas mieru un l\u012bdzsvaru. T\u0101s dz\u012bv\u012bg\u0101 citrusaug\u013cu un za\u013co notu atkl\u0101\u0161ana sniedz vieglu un atsvaidzino\u0161u saj\u016btu, kam\u0113r arom\u0101tiskais bambusa un maig\u0101s gar\u0161vielas sirds pie\u0161\u0137ir eksotisku un izsmalcin\u0101tu piesk\u0101rienu. Pamata not\u012bs ciedrs, dzintars un muskuss veido siltu un ap\u0146emjo\u0161u arom\u0101ta p\u0113du, kas ide\u0101li piem\u0113rota v\u012brietim, kur\u0161 ikdien\u0101 mekl\u0113 svaigumu, eleganci un harmoniju.<\/p>\n","protected":false},"excerpt":{"rendered":"<p>Atg\u0101dina Bamb\u00fa no Adolfo Dominguez<\/p>\n","protected":false},"featured_media":7366,"comment_status":"open","ping_status":"closed","template":"","meta":[],"product_brand":[],"product_cat":[1451],"product_tag":[1368],"class_list":{"0":"post-7363","1":"product","2":"type-product","3":"status-publish","4":"has-post-thumbnail","6":"product_cat-adolfo-dominguez","7":"product_tag-viriesi","9":"first","10":"instock","11":"shipping-taxable","12":"product-type-simple"},"_links":{"self":[{"href":"https:\/\/divainers.com\/lv\/wp-json\/wp\/v2\/product\/7363","targetHints":{"allow":["GET"]}}],"collection":[{"href":"https:\/\/divainers.com\/lv\/wp-json\/wp\/v2\/product"}],"about":[{"href":"https:\/\/divainers.com\/lv\/wp-json\/wp\/v2\/types\/product"}],"replies":[{"embeddable":true,"href":"https:\/\/divainers.com\/lv\/wp-json\/wp\/v2\/comments?post=7363"}],"wp:featuredmedia":[{"embeddable":true,"href":"https:\/\/divainers.com\/lv\/wp-json\/wp\/v2\/media\/7366"}],"wp:attachment":[{"href":"https:\/\/divainers.com\/lv\/wp-json\/wp\/v2\/media?parent=7363"}],"wp:term":[{"taxonomy":"product_brand","embeddable":true,"href":"https:\/\/divainers.com\/lv\/wp-json\/wp\/v2\/product_brand?post=7363"},{"taxonomy":"product_cat","embeddable":true,"href":"https:\/\/divainers.com\/lv\/wp-json\/wp\/v2\/product_cat?post=7363"},{"taxonomy":"product_tag","embeddable":true,"href":"https:\/\/divainers.com\/lv\/wp-json\/wp\/v2\/product_tag?post=7363"}],"curies":[{"name":"wp","href":"https:\/\/api.w.org\/{rel}","templated":true}]}}