{"id":7384,"date":"2025-01-31T08:31:50","date_gmt":"2025-01-31T07:31:50","guid":{"rendered":"https:\/\/divainers.com\/producto\/divain-031\/"},"modified":"2026-04-30T09:45:00","modified_gmt":"2026-04-30T07:45:00","slug":"divain-031","status":"publish","type":"product","link":"https:\/\/divainers.com\/lv\/producto\/divain-031\/","title":{"rendered":"divain.031"},"content":{"rendered":"<p>Dabiska un atsvaidzino\u0161a smar\u017ea, kas atsauc dabas svaigumu t\u0101s t\u012br\u0101kaj\u0101 veid\u0101. Citrusaug\u013cu s\u0101kotn\u0113j\u0101s notis no bergamotes un mandar\u012bna apvienojas ar arom\u0101tisku sirdi no rozmar\u012bna, lavandas un koriandra, radot t\u012bru un ener\u0123isku saj\u016btu. Pamata not\u012bs ozola s\u016bnas, vetiv\u0113rs un sandalkoks pie\u0161\u0137ir dzi\u013cumu un eleganci, atst\u0101jot vieglu, bet izsmalcin\u0101tu p\u0113du. Ide\u0101li piem\u0113rots tiem, kas mekl\u0113 svaigu, l\u012bdzsvarotu un m\u016b\u017e\u012bgu arom\u0101tu.<\/p>\n","protected":false},"excerpt":{"rendered":"<p>Atg\u0101dina Agua Fresca no Adolfo Dominguez<\/p>\n","protected":false},"featured_media":7386,"comment_status":"open","ping_status":"closed","template":"","meta":[],"product_brand":[],"product_cat":[1451],"product_tag":[1368],"class_list":{"0":"post-7384","1":"product","2":"type-product","3":"status-publish","4":"has-post-thumbnail","6":"product_cat-adolfo-dominguez","7":"product_tag-viriesi","9":"first","10":"instock","11":"shipping-taxable","12":"product-type-simple"},"_links":{"self":[{"href":"https:\/\/divainers.com\/lv\/wp-json\/wp\/v2\/product\/7384","targetHints":{"allow":["GET"]}}],"collection":[{"href":"https:\/\/divainers.com\/lv\/wp-json\/wp\/v2\/product"}],"about":[{"href":"https:\/\/divainers.com\/lv\/wp-json\/wp\/v2\/types\/product"}],"replies":[{"embeddable":true,"href":"https:\/\/divainers.com\/lv\/wp-json\/wp\/v2\/comments?post=7384"}],"wp:featuredmedia":[{"embeddable":true,"href":"https:\/\/divainers.com\/lv\/wp-json\/wp\/v2\/media\/7386"}],"wp:attachment":[{"href":"https:\/\/divainers.com\/lv\/wp-json\/wp\/v2\/media?parent=7384"}],"wp:term":[{"taxonomy":"product_brand","embeddable":true,"href":"https:\/\/divainers.com\/lv\/wp-json\/wp\/v2\/product_brand?post=7384"},{"taxonomy":"product_cat","embeddable":true,"href":"https:\/\/divainers.com\/lv\/wp-json\/wp\/v2\/product_cat?post=7384"},{"taxonomy":"product_tag","embeddable":true,"href":"https:\/\/divainers.com\/lv\/wp-json\/wp\/v2\/product_tag?post=7384"}],"curies":[{"name":"wp","href":"https:\/\/api.w.org\/{rel}","templated":true}]}}