{"id":7643,"date":"2025-01-31T08:32:01","date_gmt":"2025-01-31T07:32:01","guid":{"rendered":"https:\/\/divainers.com\/producto\/divain-003\/"},"modified":"2026-04-30T09:47:09","modified_gmt":"2026-04-30T07:47:09","slug":"divain-003","status":"publish","type":"product","link":"https:\/\/divainers.com\/lv\/producto\/divain-003\/","title":{"rendered":"divain.003"},"content":{"rendered":"<p>Iedom\u0101jieties saj\u016btu ce\u013cojumu, kur m\u016b\u017e\u012bg\u0101 elegance satiekas ar piedz\u012bvojumu. \u0160\u012b smar\u017ea apvieno \u0101das un vani\u013cas siltumu ar \u0161afr\u0101na un muskatrieksta pikanto magn\u0113tismu. Piesk\u0101riens svaigiem citrusaug\u013ciem savijas ar c\u0113lu koku sirdi un ap\u0146emjo\u0161u b\u0101zi no dzintara un vetivera, radot izsmalcin\u0101tu, v\u012bri\u0161\u0137\u012bgu un valdzin\u0101t\u0101ju arom\u0101tu. Ide\u0101li piem\u0113rots tiem, kas mekl\u0113 izcil\u012bbu un raksturu katr\u0101 esenc\u0113.<\/p>\n","protected":false},"excerpt":{"rendered":"<p>Atg\u0101dina CH Men no Carolina Herrera<\/p>\n","protected":false},"featured_media":7640,"comment_status":"open","ping_status":"closed","template":"","meta":[],"product_brand":[],"product_cat":[1537],"product_tag":[1368],"class_list":{"0":"post-7643","1":"product","2":"type-product","3":"status-publish","4":"has-post-thumbnail","6":"product_cat-carolina-herrera","7":"product_tag-viriesi","9":"first","10":"instock","11":"shipping-taxable","12":"product-type-simple"},"_links":{"self":[{"href":"https:\/\/divainers.com\/lv\/wp-json\/wp\/v2\/product\/7643","targetHints":{"allow":["GET"]}}],"collection":[{"href":"https:\/\/divainers.com\/lv\/wp-json\/wp\/v2\/product"}],"about":[{"href":"https:\/\/divainers.com\/lv\/wp-json\/wp\/v2\/types\/product"}],"replies":[{"embeddable":true,"href":"https:\/\/divainers.com\/lv\/wp-json\/wp\/v2\/comments?post=7643"}],"wp:featuredmedia":[{"embeddable":true,"href":"https:\/\/divainers.com\/lv\/wp-json\/wp\/v2\/media\/7640"}],"wp:attachment":[{"href":"https:\/\/divainers.com\/lv\/wp-json\/wp\/v2\/media?parent=7643"}],"wp:term":[{"taxonomy":"product_brand","embeddable":true,"href":"https:\/\/divainers.com\/lv\/wp-json\/wp\/v2\/product_brand?post=7643"},{"taxonomy":"product_cat","embeddable":true,"href":"https:\/\/divainers.com\/lv\/wp-json\/wp\/v2\/product_cat?post=7643"},{"taxonomy":"product_tag","embeddable":true,"href":"https:\/\/divainers.com\/lv\/wp-json\/wp\/v2\/product_tag?post=7643"}],"curies":[{"name":"wp","href":"https:\/\/api.w.org\/{rel}","templated":true}]}}