{"id":7698,"date":"2025-01-31T08:32:01","date_gmt":"2025-01-31T07:32:01","guid":{"rendered":"https:\/\/divainers.com\/producto\/divain-004\/"},"modified":"2026-04-30T09:47:24","modified_gmt":"2026-04-30T07:47:24","slug":"divain-004","status":"publish","type":"product","link":"https:\/\/divainers.com\/lv\/producto\/divain-004\/","title":{"rendered":"divain.004"},"content":{"rendered":"<p>Spr\u0101dziens svaiguma un dinamisma, kas atmodina pils\u0113tas dz\u012bv\u012bgo ener\u0123iju. \u0160\u012b smar\u017ea apvieno atsvaidzino\u0161as citrusaug\u013cu notis ar pikantu sirdi no pipariem un ingvera, radot izsmalcin\u0101tu un modernu kontrastu. Koka b\u0101ze ar muskusa un sandalkoka piesk\u0101rieniem pie\u0161\u0137ir dzi\u013cumu un magn\u0113tismu, atst\u0101jot elegantu un valdzin\u0101\u0161anas pilnu p\u0113du. Ide\u0101li piem\u0113rota kosmopol\u012btiskam v\u012brietim, pa\u0161p\u0101rliecin\u0101tam un ar neatk\u0101rtojamu stilu.<\/p>\n","protected":false},"excerpt":{"rendered":"<p>Atg\u0101dina 212 Men no Carolina Herrera<\/p>\n","protected":false},"featured_media":7683,"comment_status":"open","ping_status":"closed","template":"","meta":[],"product_brand":[],"product_cat":[1537],"product_tag":[1368],"class_list":{"0":"post-7698","1":"product","2":"type-product","3":"status-publish","4":"has-post-thumbnail","6":"product_cat-carolina-herrera","7":"product_tag-viriesi","9":"first","10":"instock","11":"shipping-taxable","12":"product-type-simple"},"_links":{"self":[{"href":"https:\/\/divainers.com\/lv\/wp-json\/wp\/v2\/product\/7698","targetHints":{"allow":["GET"]}}],"collection":[{"href":"https:\/\/divainers.com\/lv\/wp-json\/wp\/v2\/product"}],"about":[{"href":"https:\/\/divainers.com\/lv\/wp-json\/wp\/v2\/types\/product"}],"replies":[{"embeddable":true,"href":"https:\/\/divainers.com\/lv\/wp-json\/wp\/v2\/comments?post=7698"}],"wp:featuredmedia":[{"embeddable":true,"href":"https:\/\/divainers.com\/lv\/wp-json\/wp\/v2\/media\/7683"}],"wp:attachment":[{"href":"https:\/\/divainers.com\/lv\/wp-json\/wp\/v2\/media?parent=7698"}],"wp:term":[{"taxonomy":"product_brand","embeddable":true,"href":"https:\/\/divainers.com\/lv\/wp-json\/wp\/v2\/product_brand?post=7698"},{"taxonomy":"product_cat","embeddable":true,"href":"https:\/\/divainers.com\/lv\/wp-json\/wp\/v2\/product_cat?post=7698"},{"taxonomy":"product_tag","embeddable":true,"href":"https:\/\/divainers.com\/lv\/wp-json\/wp\/v2\/product_tag?post=7698"}],"curies":[{"name":"wp","href":"https:\/\/api.w.org\/{rel}","templated":true}]}}