{"id":7811,"date":"2025-01-31T08:31:51","date_gmt":"2025-01-31T07:31:51","guid":{"rendered":"https:\/\/divainers.com\/producto\/divain-411\/"},"modified":"2026-04-30T09:47:59","modified_gmt":"2026-04-30T07:47:59","slug":"divain-411","status":"publish","type":"product","link":"https:\/\/divainers.com\/lv\/producto\/divain-411\/","title":{"rendered":"divain.411"},"content":{"rendered":"<p>Arom\u0101ts, kas l\u012bdzsvaro svaigumu un dzi\u013cumu ar aizraujo\u0161u arom\u0101tisko un sve\u0137aino notu kombin\u0101ciju. Atkl\u0101\u0161an\u0101s ir dz\u012bv\u012bga un pikanta, ar mentola piesk\u0101rienu, kas sniedz atsvaidzino\u0161u un ener\u0123iz\u0113jo\u0161u saj\u016btu. Att\u012bstoties, atkl\u0101jas silta un zemiska sirds, kur koksnes un sve\u0137i savijas ar balz\u0101ma un d\u016bmu akordiem. B\u0101ze ir bag\u0101ta un notur\u012bga, ar dzintara un \u0101das not\u012bm, kas pie\u0161\u0137ir ilgsto\u0161u eleganci. Ide\u0101li piem\u0113rots tiem, kas mekl\u0113 izsmalcin\u0101tu un apv\u012bto\u0161u arom\u0101tu ar intri\u0123\u0113jo\u0161u kontrastu starp svaigumu un siltumu.<\/p>\n","protected":false},"excerpt":{"rendered":"<p>Atg\u0101dina Enclave no Amouage<\/p>\n","protected":false},"featured_media":7808,"comment_status":"open","ping_status":"closed","template":"","meta":[],"product_brand":[],"product_cat":[1563],"product_tag":[1393],"class_list":{"0":"post-7811","1":"product","2":"type-product","3":"status-publish","4":"has-post-thumbnail","6":"product_cat-amouage","7":"product_tag-unisex","9":"first","10":"instock","11":"shipping-taxable","12":"product-type-simple"},"_links":{"self":[{"href":"https:\/\/divainers.com\/lv\/wp-json\/wp\/v2\/product\/7811","targetHints":{"allow":["GET"]}}],"collection":[{"href":"https:\/\/divainers.com\/lv\/wp-json\/wp\/v2\/product"}],"about":[{"href":"https:\/\/divainers.com\/lv\/wp-json\/wp\/v2\/types\/product"}],"replies":[{"embeddable":true,"href":"https:\/\/divainers.com\/lv\/wp-json\/wp\/v2\/comments?post=7811"}],"wp:featuredmedia":[{"embeddable":true,"href":"https:\/\/divainers.com\/lv\/wp-json\/wp\/v2\/media\/7808"}],"wp:attachment":[{"href":"https:\/\/divainers.com\/lv\/wp-json\/wp\/v2\/media?parent=7811"}],"wp:term":[{"taxonomy":"product_brand","embeddable":true,"href":"https:\/\/divainers.com\/lv\/wp-json\/wp\/v2\/product_brand?post=7811"},{"taxonomy":"product_cat","embeddable":true,"href":"https:\/\/divainers.com\/lv\/wp-json\/wp\/v2\/product_cat?post=7811"},{"taxonomy":"product_tag","embeddable":true,"href":"https:\/\/divainers.com\/lv\/wp-json\/wp\/v2\/product_tag?post=7811"}],"curies":[{"name":"wp","href":"https:\/\/api.w.org\/{rel}","templated":true}]}}