{"id":7855,"date":"2025-01-31T08:31:51","date_gmt":"2025-01-31T07:31:51","guid":{"rendered":"https:\/\/divainers.com\/producto\/divain-153\/"},"modified":"2026-04-30T09:48:12","modified_gmt":"2026-04-30T07:48:12","slug":"divain-153","status":"publish","type":"product","link":"https:\/\/divainers.com\/lv\/producto\/divain-153\/","title":{"rendered":"divain.153"},"content":{"rendered":"<p>Eleganta un m\u016b\u017e\u012bga smar\u017ea, kas ietver ma\u0146as ar savu izsmalcin\u0101to svaigumu un smalko sievi\u0161\u0137\u012bbu. Bergamotes un mandar\u012bna citrusain\u0101 atkl\u0101\u0161ana sniedz gai\u0161u un dz\u012bv\u012bgu saj\u016btu. Sird\u012b atkl\u0101jas izsmalcin\u0101ts frezijas, maijpu\u0137\u012btes un jasm\u012bna ziedu pu\u0161\u0137is, kas atkl\u0101j t\u012bru un smalki valdzin\u0101mu ziedu esenci. Pamatos baltais muskuss, dzintars un sandalkoks rada maigu, siltu un apvijo\u0161u p\u0113das nospiedumu, kas ide\u0101li piem\u0113rots rafin\u0113tai, dabiskai sievietei ar diskr\u0113tu, bet neaizmirstamu \u0161armu.<\/p>\n","protected":false},"excerpt":{"rendered":"<p>Atg\u0101dina Angel Schlesser Femme no Angel Schlesser<\/p>\n","protected":false},"featured_media":7851,"comment_status":"open","ping_status":"closed","template":"","meta":[],"product_brand":[],"product_cat":[1584],"product_tag":[1452],"class_list":{"0":"post-7855","1":"product","2":"type-product","3":"status-publish","4":"has-post-thumbnail","6":"product_cat-angel-schlesser","7":"product_tag-sievietes","9":"first","10":"instock","11":"shipping-taxable","12":"product-type-simple"},"_links":{"self":[{"href":"https:\/\/divainers.com\/lv\/wp-json\/wp\/v2\/product\/7855","targetHints":{"allow":["GET"]}}],"collection":[{"href":"https:\/\/divainers.com\/lv\/wp-json\/wp\/v2\/product"}],"about":[{"href":"https:\/\/divainers.com\/lv\/wp-json\/wp\/v2\/types\/product"}],"replies":[{"embeddable":true,"href":"https:\/\/divainers.com\/lv\/wp-json\/wp\/v2\/comments?post=7855"}],"wp:featuredmedia":[{"embeddable":true,"href":"https:\/\/divainers.com\/lv\/wp-json\/wp\/v2\/media\/7851"}],"wp:attachment":[{"href":"https:\/\/divainers.com\/lv\/wp-json\/wp\/v2\/media?parent=7855"}],"wp:term":[{"taxonomy":"product_brand","embeddable":true,"href":"https:\/\/divainers.com\/lv\/wp-json\/wp\/v2\/product_brand?post=7855"},{"taxonomy":"product_cat","embeddable":true,"href":"https:\/\/divainers.com\/lv\/wp-json\/wp\/v2\/product_cat?post=7855"},{"taxonomy":"product_tag","embeddable":true,"href":"https:\/\/divainers.com\/lv\/wp-json\/wp\/v2\/product_tag?post=7855"}],"curies":[{"name":"wp","href":"https:\/\/api.w.org\/{rel}","templated":true}]}}