{"id":7896,"date":"2025-01-31T08:31:51","date_gmt":"2025-01-31T07:31:51","guid":{"rendered":"https:\/\/divainers.com\/producto\/divain-948\/"},"modified":"2026-04-30T09:48:29","modified_gmt":"2026-04-30T07:48:29","slug":"divain-948","status":"publish","type":"product","link":"https:\/\/divainers.com\/lv\/producto\/divain-948\/","title":{"rendered":"divain.948"},"content":{"rendered":"<p>Maiga un apvijo\u0161a smar\u017ea, kas rada viegluma un mier\u012bguma saj\u016btu, it k\u0101 peld\u0113tu starp m\u0101ko\u0146iem silt\u0101 dien\u0101. No pa\u0161iem s\u0101kumiem lavandas un bumbiera aug\u013cain\u0101s notis sniedz svaigumu, ko m\u012bkstina kr\u0113m\u012bgs kokosrieksta piesk\u0101riens, pievienojot vieglu un relaks\u0113jo\u0161u saldumu. Kad smar\u017ea att\u012bst\u0101s, jasm\u012bna un lilijas ziedu notis pie\u0161\u0137ir smalku un sievi\u0161\u0137\u012bgu eleganci, radot \u0113terisku maigumu, kas aptver \u0101du. Pamats, ko raksturo muskuss un karamele, nodro\u0161ina siltu un mierino\u0161u b\u0101zi, kas sapl\u016bst ar viegl\u0101kaj\u0101m not\u012bm, atst\u0101jot p\u0113das, kas ir gan apvijo\u0161as, gan relaks\u0113jo\u0161as. \u0160\u012b smar\u017ea ir ide\u0101li piem\u0113rota tiem, kas mekl\u0113 maigu, saldu un mier\u012bgu arom\u0101tisku pieredzi, ide\u0101li piem\u0113rota ikdienas lieto\u0161anai, nododot mieru un svaigumu.<\/p>\n","protected":false},"excerpt":{"rendered":"<p>Atg\u0101dina Cloud no Ariana Grande<\/p>\n","protected":false},"featured_media":7894,"comment_status":"open","ping_status":"closed","template":"","meta":[],"product_brand":[],"product_cat":[1605],"product_tag":[1452],"class_list":{"0":"post-7896","1":"product","2":"type-product","3":"status-publish","4":"has-post-thumbnail","6":"product_cat-ariana-grande","7":"product_tag-sievietes","9":"first","10":"instock","11":"shipping-taxable","12":"product-type-simple"},"_links":{"self":[{"href":"https:\/\/divainers.com\/lv\/wp-json\/wp\/v2\/product\/7896","targetHints":{"allow":["GET"]}}],"collection":[{"href":"https:\/\/divainers.com\/lv\/wp-json\/wp\/v2\/product"}],"about":[{"href":"https:\/\/divainers.com\/lv\/wp-json\/wp\/v2\/types\/product"}],"replies":[{"embeddable":true,"href":"https:\/\/divainers.com\/lv\/wp-json\/wp\/v2\/comments?post=7896"}],"wp:featuredmedia":[{"embeddable":true,"href":"https:\/\/divainers.com\/lv\/wp-json\/wp\/v2\/media\/7894"}],"wp:attachment":[{"href":"https:\/\/divainers.com\/lv\/wp-json\/wp\/v2\/media?parent=7896"}],"wp:term":[{"taxonomy":"product_brand","embeddable":true,"href":"https:\/\/divainers.com\/lv\/wp-json\/wp\/v2\/product_brand?post=7896"},{"taxonomy":"product_cat","embeddable":true,"href":"https:\/\/divainers.com\/lv\/wp-json\/wp\/v2\/product_cat?post=7896"},{"taxonomy":"product_tag","embeddable":true,"href":"https:\/\/divainers.com\/lv\/wp-json\/wp\/v2\/product_tag?post=7896"}],"curies":[{"name":"wp","href":"https:\/\/api.w.org\/{rel}","templated":true}]}}