{"id":7938,"date":"2025-01-31T08:31:51","date_gmt":"2025-01-31T07:31:51","guid":{"rendered":"https:\/\/divainers.com\/producto\/divain-457\/"},"modified":"2026-04-30T09:48:45","modified_gmt":"2026-04-30T07:48:45","slug":"divain-457","status":"publish","type":"product","link":"https:\/\/divainers.com\/lv\/producto\/divain-457\/","title":{"rendered":"divain.457"},"content":{"rendered":"<p>Drosm\u012bga un magn\u0113tiska smar\u017ea, kas katr\u0101 not\u012b izstaro eleganci un raksturu. Atkl\u0101\u0161an\u0101s ir dz\u012bv\u012bga un citrusaina, ar citronu, anan\u0101su un bergamotes eksploziju, kas modina ma\u0146as ar intens\u012bvu svaigumu. Sird\u012b b\u0113rzs un jasm\u012bns pie\u0161\u0137ir dzi\u013cumu un izsmalcin\u0101tu d\u016bmakainu piesk\u0101rienu, atspogu\u013cojot izsmalcin\u0101tu un p\u0101rliecin\u0101tu v\u012bri\u0161\u0137\u012bbu. Visbeidzot, apjojo\u0161a pamata notis no pel\u0113k\u0101 dzintara, pi\u017ema un pa\u010d\u016blijas atst\u0101j ilgsto\u0161u, valdzin\u0101mu un sp\u0113c\u012bgu p\u0113du. Iespaid\u012bgas un izsmalcin\u0101tas smar\u017eas, ide\u0101las tiem, kas mekl\u0113 intens\u012bvu, daudzpus\u012bgu un neatk\u0101rtojamu kl\u0101tb\u016btni.<\/p>\n","protected":false},"excerpt":{"rendered":"<p>Atg\u0101dina Club de Nuit Intense Man de Armaf<\/p>\n","protected":false},"featured_media":7935,"comment_status":"open","ping_status":"closed","template":"","meta":[],"product_brand":[],"product_cat":[1626],"product_tag":[1368],"class_list":{"0":"post-7938","1":"product","2":"type-product","3":"status-publish","4":"has-post-thumbnail","6":"product_cat-armaf","7":"product_tag-viriesi","9":"first","10":"instock","11":"shipping-taxable","12":"product-type-simple"},"_links":{"self":[{"href":"https:\/\/divainers.com\/lv\/wp-json\/wp\/v2\/product\/7938","targetHints":{"allow":["GET"]}}],"collection":[{"href":"https:\/\/divainers.com\/lv\/wp-json\/wp\/v2\/product"}],"about":[{"href":"https:\/\/divainers.com\/lv\/wp-json\/wp\/v2\/types\/product"}],"replies":[{"embeddable":true,"href":"https:\/\/divainers.com\/lv\/wp-json\/wp\/v2\/comments?post=7938"}],"wp:featuredmedia":[{"embeddable":true,"href":"https:\/\/divainers.com\/lv\/wp-json\/wp\/v2\/media\/7935"}],"wp:attachment":[{"href":"https:\/\/divainers.com\/lv\/wp-json\/wp\/v2\/media?parent=7938"}],"wp:term":[{"taxonomy":"product_brand","embeddable":true,"href":"https:\/\/divainers.com\/lv\/wp-json\/wp\/v2\/product_brand?post=7938"},{"taxonomy":"product_cat","embeddable":true,"href":"https:\/\/divainers.com\/lv\/wp-json\/wp\/v2\/product_cat?post=7938"},{"taxonomy":"product_tag","embeddable":true,"href":"https:\/\/divainers.com\/lv\/wp-json\/wp\/v2\/product_tag?post=7938"}],"curies":[{"name":"wp","href":"https:\/\/api.w.org\/{rel}","templated":true}]}}