{"id":7984,"date":"2025-01-31T08:31:51","date_gmt":"2025-01-31T07:31:51","guid":{"rendered":"https:\/\/divainers.com\/producto\/divain-890\/"},"modified":"2026-04-30T09:49:02","modified_gmt":"2026-04-30T07:49:02","slug":"divain-890","status":"publish","type":"product","link":"https:\/\/divainers.com\/lv\/producto\/divain-890\/","title":{"rendered":"divain.890"},"content":{"rendered":"<p>Iedom\u0101jieties arom\u0101tu, kas j\u016bs ietver silt\u0101 un eksotisk\u0101 atmosf\u0113r\u0101, kur saldas un pikantas notis savijas ar d\u0101rg\u0101m koksn\u0113m un vani\u013cu. \u0160\u012b esence s\u0101kas ar sul\u012bgu pl\u016bmju atkl\u0101\u0161anu un \u0161\u0137ipsni\u0146u kan\u0113\u013ca, kas pie\u0161\u0137ir pikantu saldumu. Sird\u012b heliotrops un dateles pied\u0101v\u0101 maigu ziedu un aug\u013cu piesk\u0101rienu, kam\u0113r pa\u010d\u016blija pievieno zemi\u0161\u0137u dzi\u013cumu. B\u0101ze no guajak koka, sandalkoka un vani\u013cas rada siltu un mierino\u0161u p\u0113du, atsaucot atmi\u0146\u0101 austrumu tirdzniec\u012bbas ce\u013cu bag\u0101t\u012bbu. \u0160\u012b kompoz\u012bcija pied\u0101v\u0101 arom\u0101tisku pieredzi, kas perfekti apvieno saldas, pikantas un koksnes notis harmonisk\u0101 l\u012bdzsvar\u0101.<\/p>\n","protected":false},"excerpt":{"rendered":"<p>Atg\u0101dina Rouge Sar\u00e2y no Atelier des Ors<\/p>\n","protected":false},"featured_media":7977,"comment_status":"open","ping_status":"closed","template":"","meta":[],"product_brand":[],"product_cat":[1649],"product_tag":[1393],"class_list":{"0":"post-7984","1":"product","2":"type-product","3":"status-publish","4":"has-post-thumbnail","6":"product_cat-atelier-des-ors","7":"product_tag-unisex","9":"first","10":"instock","11":"shipping-taxable","12":"product-type-simple"},"_links":{"self":[{"href":"https:\/\/divainers.com\/lv\/wp-json\/wp\/v2\/product\/7984","targetHints":{"allow":["GET"]}}],"collection":[{"href":"https:\/\/divainers.com\/lv\/wp-json\/wp\/v2\/product"}],"about":[{"href":"https:\/\/divainers.com\/lv\/wp-json\/wp\/v2\/types\/product"}],"replies":[{"embeddable":true,"href":"https:\/\/divainers.com\/lv\/wp-json\/wp\/v2\/comments?post=7984"}],"wp:featuredmedia":[{"embeddable":true,"href":"https:\/\/divainers.com\/lv\/wp-json\/wp\/v2\/media\/7977"}],"wp:attachment":[{"href":"https:\/\/divainers.com\/lv\/wp-json\/wp\/v2\/media?parent=7984"}],"wp:term":[{"taxonomy":"product_brand","embeddable":true,"href":"https:\/\/divainers.com\/lv\/wp-json\/wp\/v2\/product_brand?post=7984"},{"taxonomy":"product_cat","embeddable":true,"href":"https:\/\/divainers.com\/lv\/wp-json\/wp\/v2\/product_cat?post=7984"},{"taxonomy":"product_tag","embeddable":true,"href":"https:\/\/divainers.com\/lv\/wp-json\/wp\/v2\/product_tag?post=7984"}],"curies":[{"name":"wp","href":"https:\/\/api.w.org\/{rel}","templated":true}]}}